{"id":365,"date":"2016-11-11T17:11:50","date_gmt":"2016-11-11T16:11:50","guid":{"rendered":"https:\/\/www.ariondairy.nl\/de\/?page_id=365"},"modified":"2016-11-14T16:15:03","modified_gmt":"2016-11-14T15:15:03","slug":"dienstleistungen","status":"publish","type":"page","link":"https:\/\/www.ariondairy.nl\/de\/dienstleistungen\/","title":{"rendered":"Dienstleistungen"},"content":{"rendered":"<h1>Dienstleistungen<\/h1>\n<div class='content-column one_fourth'><h2><span lang=\"DE\">Lagerung und Umschlag<\/span><\/h2>\n<p><span lang=\"DE\">F\u00fcr Lagerung, Umschlag und Verpackung von unsere Produkte nutzen wir renommierte Partner, die auf pulverf\u00f6rmige Milchprodukte spezialisiert sind. Unsere Logistikpartner zeichnen sich durch Qualit\u00e4t und Zuverl\u00e4ssigkeit als wichtigste Eigenschaften aus. Deren Qualit\u00e4tsabteilung gew\u00e4hrleistet, dass sie den h\u00f6chsten Normen entsprechen. Nat\u00fcrlich verf\u00fcgen sie auch \u00fcber alle erforderlichen Qualit\u00e4tszertifikate f\u00fcr die Lebensmittel- und Tierfutterindustrie.<\/span><\/p><\/div><div class='content-column one_fourth'><h2><span lang=\"DE\">Transport<\/span><\/h2>\n<p><span lang=\"DE\">F\u00fcr unsere Logistikdienstleistungen nutzen wir eine Anzahl von festen Transportunternehmen, mit denen wir bereits seit Jahren erfolgreich zusammenarbeiten. Sie verf\u00fcgen \u00fcber die erforderlichen Zertifizierungen und sind mit den modernsten Techniken ausgestattet. Auf diese Art stellen wir f\u00fcr Sie Distributionslogistik, Planentransport, Containertransport und Bulktransporte bereit.<\/span><\/p><\/div><div class='content-column one_fourth'><h2><span lang=\"DE\">Termingesch\u00e4fte<\/span><\/h2>\n<p><span lang=\"DE\">Neben kurzfristigen Lieferungen k\u00f6nnen wir auch Ihren langfristigen Rohstoffbedarf abdecken. Wir k\u00f6nnen Vertr\u00e4ge mit unterschiedlichsten Laufzeiten abschlie\u00dfen, Ihrem Bedarf entsprechend. Hiermit legen wir Preise, Mengen und Verf\u00fcgbarkeit f\u00fcr Sie fest. <\/span><\/p><\/div><div class='content-column one_fourth last_column'><h2><span lang=\"DE\">Marktinformationen und Beratung<\/span><\/h2>\n<p><span lang=\"DE\">Durch unser internationales Netzwerk und unsere jahrelange Erfahrung k\u00f6nnen wir Sie jederzeit \u00fcber die aktuellsten Marktinformationen und Erwartungen informieren. Mit Ihren Aktivit\u00e4ten, <\/span><span lang=\"DE\">Produkten und Bed\u00fcrfnissen im Hinterkopf suchen wir gemeinsam nach dem richtigen Preis, der passenden Qualit\u00e4t und dem optimalen Einkaufs- und Verkaufsmoment.<\/span><\/p><\/div><div class='clear_column'><\/div><\/p>\n","protected":false},"excerpt":{"rendered":"<p>Dienstleistungen<\/p>\n","protected":false},"author":7,"featured_media":0,"parent":0,"menu_order":0,"comment_status":"closed","ping_status":"closed","template":"page templates\/page-breed.php","meta":{"_acf_changed":false,"footnotes":""},"class_list":["post-365","page","type-page","status-publish","hentry"],"acf":[],"yoast_head":"<!-- This site is optimized with the Yoast SEO plugin v27.5 - https:\/\/yoast.com\/product\/yoast-seo-wordpress\/ -->\n<title>Dienstleistungen - Arion Dairy Products<\/title>\n<meta name=\"robots\" content=\"index, follow, max-snippet:-1, max-image-preview:large, max-video-preview:-1\" \/>\n<link rel=\"canonical\" href=\"https:\/\/www.ariondairy.nl\/diensten\/\" \/>\n<meta property=\"og:locale\" content=\"de_DE\" \/>\n<meta property=\"og:type\" content=\"article\" \/>\n<meta property=\"og:title\" content=\"Dienstleistungen - Arion Dairy Products\" \/>\n<meta property=\"og:description\" content=\"Dienstleistungen\" \/>\n<meta property=\"og:url\" content=\"https:\/\/www.ariondairy.nl\/diensten\/\" \/>\n<meta property=\"og:site_name\" content=\"Arion Dairy Products\" \/>\n<meta property=\"article:modified_time\" content=\"2016-11-14T15:15:03+00:00\" \/>\n<meta name=\"twitter:card\" content=\"summary_large_image\" \/>\n<meta name=\"twitter:label1\" content=\"Gesch\u00e4tzte Lesezeit\" \/>\n\t<meta name=\"twitter:data1\" content=\"1\u00a0Minute\" \/>\n<script type=\"application\/ld+json\" class=\"yoast-schema-graph\">{\"@context\":\"https:\\\/\\\/schema.org\",\"@graph\":[{\"@type\":\"WebPage\",\"@id\":\"https:\\\/\\\/www.ariondairy.nl\\\/diensten\\\/\",\"url\":\"https:\\\/\\\/www.ariondairy.nl\\\/diensten\\\/\",\"name\":\"Dienstleistungen - Arion Dairy Products\",\"isPartOf\":{\"@id\":\"https:\\\/\\\/www.ariondairy.nl\\\/#website\"},\"datePublished\":\"2016-11-11T16:11:50+00:00\",\"dateModified\":\"2016-11-14T15:15:03+00:00\",\"breadcrumb\":{\"@id\":\"https:\\\/\\\/www.ariondairy.nl\\\/diensten\\\/#breadcrumb\"},\"inLanguage\":\"de\",\"potentialAction\":[{\"@type\":\"ReadAction\",\"target\":[\"https:\\\/\\\/www.ariondairy.nl\\\/diensten\\\/\"]}]},{\"@type\":\"BreadcrumbList\",\"@id\":\"https:\\\/\\\/www.ariondairy.nl\\\/diensten\\\/#breadcrumb\",\"itemListElement\":[{\"@type\":\"ListItem\",\"position\":1,\"name\":\"Home\",\"item\":\"https:\\\/\\\/www.ariondairy.nl\\\/\"},{\"@type\":\"ListItem\",\"position\":2,\"name\":\"Dienstleistungen\"}]},{\"@type\":\"WebSite\",\"@id\":\"https:\\\/\\\/www.ariondairy.nl\\\/#website\",\"url\":\"https:\\\/\\\/www.ariondairy.nl\\\/\",\"name\":\"Arion Dairy Products\",\"description\":\"Voor al uw zuivel- en zuivelgerelateerde producten\",\"publisher\":{\"@id\":\"https:\\\/\\\/www.ariondairy.nl\\\/#organization\"},\"potentialAction\":[{\"@type\":\"SearchAction\",\"target\":{\"@type\":\"EntryPoint\",\"urlTemplate\":\"https:\\\/\\\/www.ariondairy.nl\\\/?s={search_term_string}\"},\"query-input\":{\"@type\":\"PropertyValueSpecification\",\"valueRequired\":true,\"valueName\":\"search_term_string\"}}],\"inLanguage\":\"de\"},{\"@type\":[\"Organization\",\"Place\"],\"@id\":\"https:\\\/\\\/www.ariondairy.nl\\\/#organization\",\"name\":\"Arion Dairy Products\",\"url\":\"https:\\\/\\\/www.ariondairy.nl\\\/\",\"logo\":{\"@id\":\"https:\\\/\\\/www.ariondairy.nl\\\/diensten\\\/#local-main-organization-logo\"},\"image\":{\"@id\":\"https:\\\/\\\/www.ariondairy.nl\\\/diensten\\\/#local-main-organization-logo\"},\"address\":{\"@id\":\"https:\\\/\\\/www.ariondairy.nl\\\/diensten\\\/#local-main-place-address\"},\"geo\":{\"@type\":\"GeoCoordinates\",\"latitude\":\"51.7762237\",\"longitude\":\"5.947664\"},\"telephone\":[\"+31 24 357 04 60\"],\"openingHoursSpecification\":[],\"email\":\"info@ariondairy.nl\",\"faxNumber\":\"+31 24 357 04 69\"},{\"@type\":\"PostalAddress\",\"@id\":\"https:\\\/\\\/www.ariondairy.nl\\\/diensten\\\/#local-main-place-address\",\"streetAddress\":\"Industrieweg 45\",\"addressLocality\":\"Groesbeek\",\"postalCode\":\"6562 AP\",\"addressRegion\":\"Gelderland\",\"addressCountry\":\"NL\"},{\"@type\":\"ImageObject\",\"inLanguage\":\"de\",\"@id\":\"https:\\\/\\\/www.ariondairy.nl\\\/diensten\\\/#local-main-organization-logo\",\"url\":\"https:\\\/\\\/www.ariondairy.nl\\\/wp-content\\\/uploads\\\/arion-dairy-products-melkpoeder-logo.png\",\"contentUrl\":\"https:\\\/\\\/www.ariondairy.nl\\\/wp-content\\\/uploads\\\/arion-dairy-products-melkpoeder-logo.png\",\"width\":700,\"height\":80,\"caption\":\"Arion Dairy Products\"}]}<\/script>\n<meta name=\"geo.placename\" content=\"Groesbeek\" \/>\n<meta name=\"geo.position\" content=\"51.7762237;5.947664\" \/>\n<meta name=\"geo.region\" content=\"Niederlande\" \/>\n<!-- \/ Yoast SEO plugin. -->","yoast_head_json":{"title":"Dienstleistungen - Arion Dairy Products","robots":{"index":"index","follow":"follow","max-snippet":"max-snippet:-1","max-image-preview":"max-image-preview:large","max-video-preview":"max-video-preview:-1"},"canonical":"https:\/\/www.ariondairy.nl\/diensten\/","og_locale":"de_DE","og_type":"article","og_title":"Dienstleistungen - Arion Dairy Products","og_description":"Dienstleistungen","og_url":"https:\/\/www.ariondairy.nl\/diensten\/","og_site_name":"Arion Dairy Products","article_modified_time":"2016-11-14T15:15:03+00:00","twitter_card":"summary_large_image","twitter_misc":{"Gesch\u00e4tzte Lesezeit":"1\u00a0Minute"},"schema":{"@context":"https:\/\/schema.org","@graph":[{"@type":"WebPage","@id":"https:\/\/www.ariondairy.nl\/diensten\/","url":"https:\/\/www.ariondairy.nl\/diensten\/","name":"Dienstleistungen - Arion Dairy Products","isPartOf":{"@id":"https:\/\/www.ariondairy.nl\/#website"},"datePublished":"2016-11-11T16:11:50+00:00","dateModified":"2016-11-14T15:15:03+00:00","breadcrumb":{"@id":"https:\/\/www.ariondairy.nl\/diensten\/#breadcrumb"},"inLanguage":"de","potentialAction":[{"@type":"ReadAction","target":["https:\/\/www.ariondairy.nl\/diensten\/"]}]},{"@type":"BreadcrumbList","@id":"https:\/\/www.ariondairy.nl\/diensten\/#breadcrumb","itemListElement":[{"@type":"ListItem","position":1,"name":"Home","item":"https:\/\/www.ariondairy.nl\/"},{"@type":"ListItem","position":2,"name":"Dienstleistungen"}]},{"@type":"WebSite","@id":"https:\/\/www.ariondairy.nl\/#website","url":"https:\/\/www.ariondairy.nl\/","name":"Arion Dairy Products","description":"Voor al uw zuivel- en zuivelgerelateerde producten","publisher":{"@id":"https:\/\/www.ariondairy.nl\/#organization"},"potentialAction":[{"@type":"SearchAction","target":{"@type":"EntryPoint","urlTemplate":"https:\/\/www.ariondairy.nl\/?s={search_term_string}"},"query-input":{"@type":"PropertyValueSpecification","valueRequired":true,"valueName":"search_term_string"}}],"inLanguage":"de"},{"@type":["Organization","Place"],"@id":"https:\/\/www.ariondairy.nl\/#organization","name":"Arion Dairy Products","url":"https:\/\/www.ariondairy.nl\/","logo":{"@id":"https:\/\/www.ariondairy.nl\/diensten\/#local-main-organization-logo"},"image":{"@id":"https:\/\/www.ariondairy.nl\/diensten\/#local-main-organization-logo"},"address":{"@id":"https:\/\/www.ariondairy.nl\/diensten\/#local-main-place-address"},"geo":{"@type":"GeoCoordinates","latitude":"51.7762237","longitude":"5.947664"},"telephone":["+31 24 357 04 60"],"openingHoursSpecification":[],"email":"info@ariondairy.nl","faxNumber":"+31 24 357 04 69"},{"@type":"PostalAddress","@id":"https:\/\/www.ariondairy.nl\/diensten\/#local-main-place-address","streetAddress":"Industrieweg 45","addressLocality":"Groesbeek","postalCode":"6562 AP","addressRegion":"Gelderland","addressCountry":"NL"},{"@type":"ImageObject","inLanguage":"de","@id":"https:\/\/www.ariondairy.nl\/diensten\/#local-main-organization-logo","url":"https:\/\/www.ariondairy.nl\/wp-content\/uploads\/arion-dairy-products-melkpoeder-logo.png","contentUrl":"https:\/\/www.ariondairy.nl\/wp-content\/uploads\/arion-dairy-products-melkpoeder-logo.png","width":700,"height":80,"caption":"Arion Dairy Products"}]},"geo.placename":"Groesbeek","geo.position":{"lat":"51.7762237","long":"5.947664"},"geo.region":"Niederlande"},"_links":{"self":[{"href":"https:\/\/www.ariondairy.nl\/de\/wp-json\/wp\/v2\/pages\/365","targetHints":{"allow":["GET"]}}],"collection":[{"href":"https:\/\/www.ariondairy.nl\/de\/wp-json\/wp\/v2\/pages"}],"about":[{"href":"https:\/\/www.ariondairy.nl\/de\/wp-json\/wp\/v2\/types\/page"}],"author":[{"embeddable":true,"href":"https:\/\/www.ariondairy.nl\/de\/wp-json\/wp\/v2\/users\/7"}],"replies":[{"embeddable":true,"href":"https:\/\/www.ariondairy.nl\/de\/wp-json\/wp\/v2\/comments?post=365"}],"version-history":[{"count":5,"href":"https:\/\/www.ariondairy.nl\/de\/wp-json\/wp\/v2\/pages\/365\/revisions"}],"predecessor-version":[{"id":416,"href":"https:\/\/www.ariondairy.nl\/de\/wp-json\/wp\/v2\/pages\/365\/revisions\/416"}],"wp:attachment":[{"href":"https:\/\/www.ariondairy.nl\/de\/wp-json\/wp\/v2\/media?parent=365"}],"curies":[{"name":"wp","href":"https:\/\/api.w.org\/{rel}","templated":true}]}}