{"id":361,"date":"2016-11-11T17:08:34","date_gmt":"2016-11-11T16:08:34","guid":{"rendered":"https:\/\/www.ariondairy.nl\/de\/?page_id=361"},"modified":"2016-11-14T09:38:56","modified_gmt":"2016-11-14T08:38:56","slug":"molkenprotein-konzentrat-mpc","status":"publish","type":"page","link":"https:\/\/www.ariondairy.nl\/de\/produkte\/molkenprotein-konzentrat-mpc\/","title":{"rendered":"Molkenprotein-Konzentrat (MPC)"},"content":{"rendered":"<div>\n<h1><span lang=\"DE\">Molkenprotein-Konzentrat (MPC)<\/span><\/h1>\n<div class='content-column one_half'><p><span lang=\"DE\">Molkenprotein-Konzentrat wird aus frischer pasteurisierter, aus der K\u00e4seherstellung stammender Molke, hergestellt. Mittels Ultrafiltration werden die Eiwei\u00dfe aus der Molke gewonnen. Anschlie\u00dfend wird das Fl\u00fcssigkonzentrat noch weiter konzentriert und getrocknet. Molkenprotein-Konzentratpulver (MPC) ist mit 35% bis 80% Molkeneiwei\u00df erh\u00e4ltlich.<\/span><\/p>\n<h2><span lang=\"DE\">Verwendung<\/span><\/h2>\n<p><span lang=\"DE\">In der Lebensmittelindustrie wird MPC zum Beispiel f\u00fcr die Herstellung von B\u00e4ckereierzeugnissen, Desserts, Saucen, Schokolade, Milchgetr\u00e4nken, Sportnahrung und di\u00e4tetischen Lebensmitteln benutzt. In der Tierfutterindustrie verwendet man dieses Produkt in der Heimtiernahrung, im Schweinefutter und f\u00fcr Milchaustauscher f\u00fcr K\u00e4lber.<\/span><\/p>\n<h2><span lang=\"DE\">M\u00f6glichkeiten<\/span><\/h2>\n<p><span lang=\"DE\">Es gibt verschiedene Verpackungseinheiten, wenn Sie Molkenprotein bestellen m\u00f6chten: von Bulkmengen und Big Bags bis hin zu S\u00e4cken mit 25 Kilogramm. Auch \u00fcber ma\u00dfgeschneiderte L\u00f6sungen informiert Arion Dairy Products Sie gerne. Falls Sie aus bestimmten Gr\u00fcnden eine andere Verpackung oder Zusammensetzung w\u00fcnschen, dann kontaktieren Sie uns bitte.<\/span><\/p><\/div><div class='content-column one_half last_column'><h2><span lang=\"DE\">Qualit\u00e4t<\/span><\/h2>\n<p><span lang=\"DE\">Qualit\u00e4t und Produktsicherheit sind in der Tierfutter- und Lebensmittelindustrie von gro\u00dfer Bedeutung, dies gilt nat\u00fcrlich auch f\u00fcr Arion Dairy Products. Die strengen EU-Gesetze und Vorschriften werden von uns genauestens eingehalten und wir verf\u00fcgen \u00fcber eine Zertifizierung nach GMP+ <\/span><span lang=\"DE\">und ein HACCP-System. Wir arbeiten ausschlie\u00dflich mit zertifizierten Laboratorien zusammen. Unsere Vorgehensweise und unsere Produkte entsprechen nachweislich allen internationalen gesetzlichen Anforderungen.<\/span><\/p>\n<h2><span lang=\"DE\">Haben Sie Fragen oder Interesse?<\/span><\/h2>\n<p><span lang=\"DE\">W\u00fcnschen Sie ein Angebot \u00fcber Molkenprotein-Konzentrat oder haben Sie eine andere Frage? Nehmen Sie bitte Kontakt mit uns auf \u00fcber <\/span><a href=\"tel:0243570460\"><span lang=\"DE\">+31 (0)24-3570460<\/span><\/a><span lang=\"DE\"> oder <\/span><a href=\"mailto:rg@ariondairy.nl\"><span lang=\"DE\">rg@ariondairy.nl<\/span><\/a><span lang=\"DE\">.\u00a0 Wir begr\u00fc\u00dfen Sie au\u00dferdem gerne in <\/span><span lang=\"DE\">unserem B\u00fcro am Industrieweg 45 in Groesbeek in den Niederlanden.<\/span><\/p><\/div><div class='clear_column'><\/div><\/p>\n<\/div>\n","protected":false},"excerpt":{"rendered":"<p>Molkenprotein-Konzentrat (MPC)<\/p>\n","protected":false},"author":7,"featured_media":138,"parent":339,"menu_order":0,"comment_status":"closed","ping_status":"closed","template":"","meta":{"_acf_changed":false,"footnotes":""},"class_list":["post-361","page","type-page","status-publish","has-post-thumbnail","hentry"],"acf":[],"yoast_head":"<!-- This site is optimized with the Yoast SEO plugin v27.5 - https:\/\/yoast.com\/product\/yoast-seo-wordpress\/ -->\n<title>Molkenprotein-Konzentrat (MPC) - Arion Dairy Products<\/title>\n<meta name=\"robots\" content=\"index, follow, max-snippet:-1, max-image-preview:large, max-video-preview:-1\" \/>\n<link rel=\"canonical\" href=\"https:\/\/www.ariondairy.nl\/de\/produkte\/molkenprotein-konzentrat-mpc\/\" \/>\n<meta property=\"og:locale\" content=\"de_DE\" \/>\n<meta property=\"og:type\" content=\"article\" \/>\n<meta property=\"og:title\" content=\"Molkenprotein-Konzentrat (MPC) - Arion Dairy Products\" \/>\n<meta property=\"og:description\" content=\"Molkenprotein-Konzentrat (MPC)\" \/>\n<meta property=\"og:url\" content=\"https:\/\/www.ariondairy.nl\/de\/produkte\/molkenprotein-konzentrat-mpc\/\" \/>\n<meta property=\"og:site_name\" content=\"Arion Dairy Products\" \/>\n<meta property=\"article:modified_time\" content=\"2016-11-14T08:38:56+00:00\" \/>\n<meta property=\"og:image\" content=\"https:\/\/www.ariondairy.nl\/wp-content\/uploads\/Arion-Melk-Kannen.jpg\" \/>\n\t<meta property=\"og:image:width\" content=\"666\" \/>\n\t<meta property=\"og:image:height\" content=\"220\" \/>\n\t<meta property=\"og:image:type\" content=\"image\/jpeg\" \/>\n<meta name=\"twitter:card\" content=\"summary_large_image\" \/>\n<meta name=\"twitter:label1\" content=\"Gesch\u00e4tzte Lesezeit\" \/>\n\t<meta name=\"twitter:data1\" content=\"1\u00a0Minute\" \/>\n<script type=\"application\/ld+json\" class=\"yoast-schema-graph\">{\"@context\":\"https:\\\/\\\/schema.org\",\"@graph\":[{\"@type\":\"WebPage\",\"@id\":\"https:\\\/\\\/www.ariondairy.nl\\\/de\\\/produkte\\\/molkenprotein-konzentrat-mpc\\\/\",\"url\":\"https:\\\/\\\/www.ariondairy.nl\\\/de\\\/produkte\\\/molkenprotein-konzentrat-mpc\\\/\",\"name\":\"Molkenprotein-Konzentrat (MPC) - Arion Dairy Products\",\"isPartOf\":{\"@id\":\"https:\\\/\\\/www.ariondairy.nl\\\/#website\"},\"primaryImageOfPage\":{\"@id\":\"https:\\\/\\\/www.ariondairy.nl\\\/de\\\/produkte\\\/molkenprotein-konzentrat-mpc\\\/#primaryimage\"},\"image\":{\"@id\":\"https:\\\/\\\/www.ariondairy.nl\\\/de\\\/produkte\\\/molkenprotein-konzentrat-mpc\\\/#primaryimage\"},\"thumbnailUrl\":\"https:\\\/\\\/www.ariondairy.nl\\\/wp-content\\\/uploads\\\/Arion-Melk-Kannen.jpg\",\"datePublished\":\"2016-11-11T16:08:34+00:00\",\"dateModified\":\"2016-11-14T08:38:56+00:00\",\"breadcrumb\":{\"@id\":\"https:\\\/\\\/www.ariondairy.nl\\\/de\\\/produkte\\\/molkenprotein-konzentrat-mpc\\\/#breadcrumb\"},\"inLanguage\":\"de\",\"potentialAction\":[{\"@type\":\"ReadAction\",\"target\":[\"https:\\\/\\\/www.ariondairy.nl\\\/de\\\/produkte\\\/molkenprotein-konzentrat-mpc\\\/\"]}]},{\"@type\":\"ImageObject\",\"inLanguage\":\"de\",\"@id\":\"https:\\\/\\\/www.ariondairy.nl\\\/de\\\/produkte\\\/molkenprotein-konzentrat-mpc\\\/#primaryimage\",\"url\":\"https:\\\/\\\/www.ariondairy.nl\\\/wp-content\\\/uploads\\\/Arion-Melk-Kannen.jpg\",\"contentUrl\":\"https:\\\/\\\/www.ariondairy.nl\\\/wp-content\\\/uploads\\\/Arion-Melk-Kannen.jpg\",\"width\":666,\"height\":220,\"caption\":\"Arion Melkproteinen concentraat - weiprote\u00efne concentraat\"},{\"@type\":\"BreadcrumbList\",\"@id\":\"https:\\\/\\\/www.ariondairy.nl\\\/de\\\/produkte\\\/molkenprotein-konzentrat-mpc\\\/#breadcrumb\",\"itemListElement\":[{\"@type\":\"ListItem\",\"position\":1,\"name\":\"Home\",\"item\":\"https:\\\/\\\/www.ariondairy.nl\\\/\"},{\"@type\":\"ListItem\",\"position\":2,\"name\":\"Produkte\",\"item\":\"https:\\\/\\\/www.ariondairy.nl\\\/producten\\\/\"},{\"@type\":\"ListItem\",\"position\":3,\"name\":\"Molkenprotein-Konzentrat (MPC)\"}]},{\"@type\":\"WebSite\",\"@id\":\"https:\\\/\\\/www.ariondairy.nl\\\/#website\",\"url\":\"https:\\\/\\\/www.ariondairy.nl\\\/\",\"name\":\"Arion Dairy Products\",\"description\":\"Voor al uw zuivel- en zuivelgerelateerde producten\",\"publisher\":{\"@id\":\"https:\\\/\\\/www.ariondairy.nl\\\/#organization\"},\"potentialAction\":[{\"@type\":\"SearchAction\",\"target\":{\"@type\":\"EntryPoint\",\"urlTemplate\":\"https:\\\/\\\/www.ariondairy.nl\\\/?s={search_term_string}\"},\"query-input\":{\"@type\":\"PropertyValueSpecification\",\"valueRequired\":true,\"valueName\":\"search_term_string\"}}],\"inLanguage\":\"de\"},{\"@type\":[\"Organization\",\"Place\"],\"@id\":\"https:\\\/\\\/www.ariondairy.nl\\\/#organization\",\"name\":\"Arion Dairy Products\",\"url\":\"https:\\\/\\\/www.ariondairy.nl\\\/\",\"logo\":{\"@id\":\"https:\\\/\\\/www.ariondairy.nl\\\/de\\\/produkte\\\/molkenprotein-konzentrat-mpc\\\/#local-main-organization-logo\"},\"image\":{\"@id\":\"https:\\\/\\\/www.ariondairy.nl\\\/de\\\/produkte\\\/molkenprotein-konzentrat-mpc\\\/#local-main-organization-logo\"},\"address\":{\"@id\":\"https:\\\/\\\/www.ariondairy.nl\\\/de\\\/produkte\\\/molkenprotein-konzentrat-mpc\\\/#local-main-place-address\"},\"geo\":{\"@type\":\"GeoCoordinates\",\"latitude\":\"51.7762237\",\"longitude\":\"5.947664\"},\"telephone\":[\"+31 24 357 04 60\"],\"openingHoursSpecification\":[],\"email\":\"info@ariondairy.nl\",\"faxNumber\":\"+31 24 357 04 69\"},{\"@type\":\"PostalAddress\",\"@id\":\"https:\\\/\\\/www.ariondairy.nl\\\/de\\\/produkte\\\/molkenprotein-konzentrat-mpc\\\/#local-main-place-address\",\"streetAddress\":\"Industrieweg 45\",\"addressLocality\":\"Groesbeek\",\"postalCode\":\"6562 AP\",\"addressRegion\":\"Gelderland\",\"addressCountry\":\"NL\"},{\"@type\":\"ImageObject\",\"inLanguage\":\"de\",\"@id\":\"https:\\\/\\\/www.ariondairy.nl\\\/de\\\/produkte\\\/molkenprotein-konzentrat-mpc\\\/#local-main-organization-logo\",\"url\":\"https:\\\/\\\/www.ariondairy.nl\\\/wp-content\\\/uploads\\\/arion-dairy-products-melkpoeder-logo.png\",\"contentUrl\":\"https:\\\/\\\/www.ariondairy.nl\\\/wp-content\\\/uploads\\\/arion-dairy-products-melkpoeder-logo.png\",\"width\":700,\"height\":80,\"caption\":\"Arion Dairy Products\"}]}<\/script>\n<meta name=\"geo.placename\" content=\"Groesbeek\" \/>\n<meta name=\"geo.position\" content=\"51.7762237;5.947664\" \/>\n<meta name=\"geo.region\" content=\"Niederlande\" \/>\n<!-- \/ Yoast SEO plugin. -->","yoast_head_json":{"title":"Molkenprotein-Konzentrat (MPC) - Arion Dairy Products","robots":{"index":"index","follow":"follow","max-snippet":"max-snippet:-1","max-image-preview":"max-image-preview:large","max-video-preview":"max-video-preview:-1"},"canonical":"https:\/\/www.ariondairy.nl\/de\/produkte\/molkenprotein-konzentrat-mpc\/","og_locale":"de_DE","og_type":"article","og_title":"Molkenprotein-Konzentrat (MPC) - Arion Dairy Products","og_description":"Molkenprotein-Konzentrat (MPC)","og_url":"https:\/\/www.ariondairy.nl\/de\/produkte\/molkenprotein-konzentrat-mpc\/","og_site_name":"Arion Dairy Products","article_modified_time":"2016-11-14T08:38:56+00:00","og_image":[{"width":666,"height":220,"url":"https:\/\/www.ariondairy.nl\/wp-content\/uploads\/Arion-Melk-Kannen.jpg","type":"image\/jpeg"}],"twitter_card":"summary_large_image","twitter_misc":{"Gesch\u00e4tzte Lesezeit":"1\u00a0Minute"},"schema":{"@context":"https:\/\/schema.org","@graph":[{"@type":"WebPage","@id":"https:\/\/www.ariondairy.nl\/de\/produkte\/molkenprotein-konzentrat-mpc\/","url":"https:\/\/www.ariondairy.nl\/de\/produkte\/molkenprotein-konzentrat-mpc\/","name":"Molkenprotein-Konzentrat (MPC) - Arion Dairy Products","isPartOf":{"@id":"https:\/\/www.ariondairy.nl\/#website"},"primaryImageOfPage":{"@id":"https:\/\/www.ariondairy.nl\/de\/produkte\/molkenprotein-konzentrat-mpc\/#primaryimage"},"image":{"@id":"https:\/\/www.ariondairy.nl\/de\/produkte\/molkenprotein-konzentrat-mpc\/#primaryimage"},"thumbnailUrl":"https:\/\/www.ariondairy.nl\/wp-content\/uploads\/Arion-Melk-Kannen.jpg","datePublished":"2016-11-11T16:08:34+00:00","dateModified":"2016-11-14T08:38:56+00:00","breadcrumb":{"@id":"https:\/\/www.ariondairy.nl\/de\/produkte\/molkenprotein-konzentrat-mpc\/#breadcrumb"},"inLanguage":"de","potentialAction":[{"@type":"ReadAction","target":["https:\/\/www.ariondairy.nl\/de\/produkte\/molkenprotein-konzentrat-mpc\/"]}]},{"@type":"ImageObject","inLanguage":"de","@id":"https:\/\/www.ariondairy.nl\/de\/produkte\/molkenprotein-konzentrat-mpc\/#primaryimage","url":"https:\/\/www.ariondairy.nl\/wp-content\/uploads\/Arion-Melk-Kannen.jpg","contentUrl":"https:\/\/www.ariondairy.nl\/wp-content\/uploads\/Arion-Melk-Kannen.jpg","width":666,"height":220,"caption":"Arion Melkproteinen concentraat - weiprote\u00efne concentraat"},{"@type":"BreadcrumbList","@id":"https:\/\/www.ariondairy.nl\/de\/produkte\/molkenprotein-konzentrat-mpc\/#breadcrumb","itemListElement":[{"@type":"ListItem","position":1,"name":"Home","item":"https:\/\/www.ariondairy.nl\/"},{"@type":"ListItem","position":2,"name":"Produkte","item":"https:\/\/www.ariondairy.nl\/producten\/"},{"@type":"ListItem","position":3,"name":"Molkenprotein-Konzentrat (MPC)"}]},{"@type":"WebSite","@id":"https:\/\/www.ariondairy.nl\/#website","url":"https:\/\/www.ariondairy.nl\/","name":"Arion Dairy Products","description":"Voor al uw zuivel- en zuivelgerelateerde producten","publisher":{"@id":"https:\/\/www.ariondairy.nl\/#organization"},"potentialAction":[{"@type":"SearchAction","target":{"@type":"EntryPoint","urlTemplate":"https:\/\/www.ariondairy.nl\/?s={search_term_string}"},"query-input":{"@type":"PropertyValueSpecification","valueRequired":true,"valueName":"search_term_string"}}],"inLanguage":"de"},{"@type":["Organization","Place"],"@id":"https:\/\/www.ariondairy.nl\/#organization","name":"Arion Dairy Products","url":"https:\/\/www.ariondairy.nl\/","logo":{"@id":"https:\/\/www.ariondairy.nl\/de\/produkte\/molkenprotein-konzentrat-mpc\/#local-main-organization-logo"},"image":{"@id":"https:\/\/www.ariondairy.nl\/de\/produkte\/molkenprotein-konzentrat-mpc\/#local-main-organization-logo"},"address":{"@id":"https:\/\/www.ariondairy.nl\/de\/produkte\/molkenprotein-konzentrat-mpc\/#local-main-place-address"},"geo":{"@type":"GeoCoordinates","latitude":"51.7762237","longitude":"5.947664"},"telephone":["+31 24 357 04 60"],"openingHoursSpecification":[],"email":"info@ariondairy.nl","faxNumber":"+31 24 357 04 69"},{"@type":"PostalAddress","@id":"https:\/\/www.ariondairy.nl\/de\/produkte\/molkenprotein-konzentrat-mpc\/#local-main-place-address","streetAddress":"Industrieweg 45","addressLocality":"Groesbeek","postalCode":"6562 AP","addressRegion":"Gelderland","addressCountry":"NL"},{"@type":"ImageObject","inLanguage":"de","@id":"https:\/\/www.ariondairy.nl\/de\/produkte\/molkenprotein-konzentrat-mpc\/#local-main-organization-logo","url":"https:\/\/www.ariondairy.nl\/wp-content\/uploads\/arion-dairy-products-melkpoeder-logo.png","contentUrl":"https:\/\/www.ariondairy.nl\/wp-content\/uploads\/arion-dairy-products-melkpoeder-logo.png","width":700,"height":80,"caption":"Arion Dairy Products"}]},"geo.placename":"Groesbeek","geo.position":{"lat":"51.7762237","long":"5.947664"},"geo.region":"Niederlande"},"_links":{"self":[{"href":"https:\/\/www.ariondairy.nl\/de\/wp-json\/wp\/v2\/pages\/361","targetHints":{"allow":["GET"]}}],"collection":[{"href":"https:\/\/www.ariondairy.nl\/de\/wp-json\/wp\/v2\/pages"}],"about":[{"href":"https:\/\/www.ariondairy.nl\/de\/wp-json\/wp\/v2\/types\/page"}],"author":[{"embeddable":true,"href":"https:\/\/www.ariondairy.nl\/de\/wp-json\/wp\/v2\/users\/7"}],"replies":[{"embeddable":true,"href":"https:\/\/www.ariondairy.nl\/de\/wp-json\/wp\/v2\/comments?post=361"}],"version-history":[{"count":3,"href":"https:\/\/www.ariondairy.nl\/de\/wp-json\/wp\/v2\/pages\/361\/revisions"}],"predecessor-version":[{"id":402,"href":"https:\/\/www.ariondairy.nl\/de\/wp-json\/wp\/v2\/pages\/361\/revisions\/402"}],"up":[{"embeddable":true,"href":"https:\/\/www.ariondairy.nl\/de\/wp-json\/wp\/v2\/pages\/339"}],"wp:featuredmedia":[{"embeddable":true,"href":"https:\/\/www.ariondairy.nl\/de\/wp-json\/wp\/v2\/media\/138"}],"wp:attachment":[{"href":"https:\/\/www.ariondairy.nl\/de\/wp-json\/wp\/v2\/media?parent=361"}],"curies":[{"name":"wp","href":"https:\/\/api.w.org\/{rel}","templated":true}]}}