{"id":359,"date":"2016-11-11T17:07:26","date_gmt":"2016-11-11T16:07:26","guid":{"rendered":"https:\/\/www.ariondairy.nl\/de\/?page_id=359"},"modified":"2016-11-14T09:39:34","modified_gmt":"2016-11-14T08:39:34","slug":"laktose-produkte","status":"publish","type":"page","link":"https:\/\/www.ariondairy.nl\/de\/produkte\/laktose-produkte\/","title":{"rendered":"Laktose-Produkte"},"content":{"rendered":"<div>\n<h1><span lang=\"DE\">Laktose-<\/span><span lang=\"DE\">Produkte<\/span><span lang=\"DE\"><\/span><\/h1>\n<div class='content-column one_half'><p><span lang=\"DE\">Laktose-Produkte werden aus frischer pasteurisierter, aus der K\u00e4seherstellung stammender Molke (oder Molkenpermeat) hergestellt. Laktose wird mittels eines Verfahrens, bestehend aus Eindampfen, Kristallisieren, Dekantieren und Trocknen, aus der Molke gewonnen.<\/span><\/p>\n<h2><span lang=\"DE\">Verwendung<\/span><\/h2>\n<p><span lang=\"DE\">In der Lebensmittelindustrie werden Laktose-Produkte unter anderem f\u00fcr Schokolade, Milchgetr\u00e4nke, Sportnahrung und di\u00e4tetische Lebensmittel verwendet. In der Tierfutterindustrie wird Laktose bei der Herstellung von Heimtiernahrung, Schweinefutter und f\u00fcr Milchaustauscher f\u00fcr K\u00e4lber benutzt.<\/span><\/p>\n<h2><span lang=\"DE\">M\u00f6glichkeiten<\/span><\/h2>\n<p><span lang=\"DE\">Bez\u00fcglich der Zusammensetzung und Verpackung bietet Arion Dairy Products diverse M\u00f6glichkeiten an. Normalerweise liefern wir Laktose-Erzeugnisse in Bulkmengen, Big Bags und S\u00e4cken, aber ma\u00dfgeschneiderte L\u00f6sungen geh\u00f6ren selbstverst\u00e4ndlich auch zu den M\u00f6glichkeiten. Bitte kontaktieren Sie uns bei spezifischen W\u00fcnschen oder Vorstellungen Ihrerseits.<\/span><\/p><\/div><div class='content-column one_half last_column'><h2><span lang=\"DE\">Qualit\u00e4t<\/span><\/h2>\n<p><span lang=\"DE\">Qualit\u00e4t und Produktsicherheit sind in der Tierfutter- und Lebensmittelindustrie von gr\u00f6\u00dfter Bedeutung. Dies gilt nat\u00fcrlich auch f\u00fcr Arion Dairy Products. Die strengen EU-Gesetze und Vorschriften werden von Arion Dairy Products genauestens eingehalten. Wir sind GMP+ zertifiziert und haben u<\/span><span lang=\"DE\">nseres HACCP-System. Wir arbeiten nur mit zertifizierten Laboratorien zusammen. Unsere Produkte und unsere Vorgehensweise entsprechen allen internationalen gesetzlichen Anforderungen.<\/span><\/p>\n<h2><span lang=\"DE\">Haben Sie Fragen oder Interesse?<\/span><\/h2>\n<p><span lang=\"DE\">W\u00fcnschen Sie ein ma\u00dfgeschneidertes Angebot in Bezug auf Laktose-Erzeugnisse oder haben Sie eine Frage? Bitte nehmen Sie Kontakt mit uns auf \u00fcber <\/span><a href=\"mailto:rg@ariondairy.nl\"><span lang=\"DE\">rg@ariondairy.nl<\/span><\/a><span lang=\"DE\"> oder <\/span><a href=\"tel:0243570460\"><span lang=\"DE\">+31 (0)24-3570460<\/span><\/a><span lang=\"DE\">. Wir begr\u00fc\u00dfen Sie zudem gerne in <\/span><span lang=\"DE\">unserem B\u00fcro am Industrieweg 45 in Groesbeek in den Niederlanden.<\/span><\/p><\/div><div class='clear_column'><\/div><\/p>\n<\/div>\n","protected":false},"excerpt":{"rendered":"<p>Laktose-Produkte<\/p>\n","protected":false},"author":7,"featured_media":140,"parent":339,"menu_order":0,"comment_status":"closed","ping_status":"closed","template":"","meta":{"_acf_changed":false,"footnotes":""},"class_list":["post-359","page","type-page","status-publish","has-post-thumbnail","hentry"],"acf":[],"yoast_head":"<!-- This site is optimized with the Yoast SEO plugin v27.5 - https:\/\/yoast.com\/product\/yoast-seo-wordpress\/ -->\n<title>Laktose-Produkte - Arion Dairy Products<\/title>\n<meta name=\"robots\" content=\"index, follow, max-snippet:-1, max-image-preview:large, max-video-preview:-1\" \/>\n<link rel=\"canonical\" href=\"https:\/\/www.ariondairy.nl\/producten\/lactose-producten\/\" \/>\n<meta property=\"og:locale\" content=\"de_DE\" \/>\n<meta property=\"og:type\" content=\"article\" \/>\n<meta property=\"og:title\" content=\"Laktose-Produkte - Arion Dairy Products\" \/>\n<meta property=\"og:description\" content=\"Laktose-Produkte\" \/>\n<meta property=\"og:url\" content=\"https:\/\/www.ariondairy.nl\/producten\/lactose-producten\/\" \/>\n<meta property=\"og:site_name\" content=\"Arion Dairy Products\" \/>\n<meta property=\"article:modified_time\" content=\"2016-11-14T08:39:34+00:00\" \/>\n<meta property=\"og:image\" content=\"https:\/\/www.ariondairy.nl\/wp-content\/uploads\/Arion-Lactose-Producten.jpg\" \/>\n\t<meta property=\"og:image:width\" content=\"666\" \/>\n\t<meta property=\"og:image:height\" content=\"220\" \/>\n\t<meta property=\"og:image:type\" content=\"image\/jpeg\" \/>\n<meta name=\"twitter:card\" content=\"summary_large_image\" \/>\n<meta name=\"twitter:label1\" content=\"Gesch\u00e4tzte Lesezeit\" \/>\n\t<meta name=\"twitter:data1\" content=\"1\u00a0Minute\" \/>\n<script type=\"application\/ld+json\" class=\"yoast-schema-graph\">{\"@context\":\"https:\\\/\\\/schema.org\",\"@graph\":[{\"@type\":\"WebPage\",\"@id\":\"https:\\\/\\\/www.ariondairy.nl\\\/producten\\\/lactose-producten\\\/\",\"url\":\"https:\\\/\\\/www.ariondairy.nl\\\/producten\\\/lactose-producten\\\/\",\"name\":\"Laktose-Produkte - Arion Dairy Products\",\"isPartOf\":{\"@id\":\"https:\\\/\\\/www.ariondairy.nl\\\/#website\"},\"primaryImageOfPage\":{\"@id\":\"https:\\\/\\\/www.ariondairy.nl\\\/producten\\\/lactose-producten\\\/#primaryimage\"},\"image\":{\"@id\":\"https:\\\/\\\/www.ariondairy.nl\\\/producten\\\/lactose-producten\\\/#primaryimage\"},\"thumbnailUrl\":\"https:\\\/\\\/www.ariondairy.nl\\\/wp-content\\\/uploads\\\/Arion-Lactose-Producten.jpg\",\"datePublished\":\"2016-11-11T16:07:26+00:00\",\"dateModified\":\"2016-11-14T08:39:34+00:00\",\"breadcrumb\":{\"@id\":\"https:\\\/\\\/www.ariondairy.nl\\\/producten\\\/lactose-producten\\\/#breadcrumb\"},\"inLanguage\":\"de\",\"potentialAction\":[{\"@type\":\"ReadAction\",\"target\":[\"https:\\\/\\\/www.ariondairy.nl\\\/producten\\\/lactose-producten\\\/\"]}]},{\"@type\":\"ImageObject\",\"inLanguage\":\"de\",\"@id\":\"https:\\\/\\\/www.ariondairy.nl\\\/producten\\\/lactose-producten\\\/#primaryimage\",\"url\":\"https:\\\/\\\/www.ariondairy.nl\\\/wp-content\\\/uploads\\\/Arion-Lactose-Producten.jpg\",\"contentUrl\":\"https:\\\/\\\/www.ariondairy.nl\\\/wp-content\\\/uploads\\\/Arion-Lactose-Producten.jpg\",\"width\":666,\"height\":220,\"caption\":\"Arion lactose producten - roompoeder\"},{\"@type\":\"BreadcrumbList\",\"@id\":\"https:\\\/\\\/www.ariondairy.nl\\\/producten\\\/lactose-producten\\\/#breadcrumb\",\"itemListElement\":[{\"@type\":\"ListItem\",\"position\":1,\"name\":\"Home\",\"item\":\"https:\\\/\\\/www.ariondairy.nl\\\/\"},{\"@type\":\"ListItem\",\"position\":2,\"name\":\"Produkte\",\"item\":\"https:\\\/\\\/www.ariondairy.nl\\\/producten\\\/\"},{\"@type\":\"ListItem\",\"position\":3,\"name\":\"Laktose-Produkte\"}]},{\"@type\":\"WebSite\",\"@id\":\"https:\\\/\\\/www.ariondairy.nl\\\/#website\",\"url\":\"https:\\\/\\\/www.ariondairy.nl\\\/\",\"name\":\"Arion Dairy Products\",\"description\":\"Voor al uw zuivel- en zuivelgerelateerde producten\",\"publisher\":{\"@id\":\"https:\\\/\\\/www.ariondairy.nl\\\/#organization\"},\"potentialAction\":[{\"@type\":\"SearchAction\",\"target\":{\"@type\":\"EntryPoint\",\"urlTemplate\":\"https:\\\/\\\/www.ariondairy.nl\\\/?s={search_term_string}\"},\"query-input\":{\"@type\":\"PropertyValueSpecification\",\"valueRequired\":true,\"valueName\":\"search_term_string\"}}],\"inLanguage\":\"de\"},{\"@type\":[\"Organization\",\"Place\"],\"@id\":\"https:\\\/\\\/www.ariondairy.nl\\\/#organization\",\"name\":\"Arion Dairy Products\",\"url\":\"https:\\\/\\\/www.ariondairy.nl\\\/\",\"logo\":{\"@id\":\"https:\\\/\\\/www.ariondairy.nl\\\/producten\\\/lactose-producten\\\/#local-main-organization-logo\"},\"image\":{\"@id\":\"https:\\\/\\\/www.ariondairy.nl\\\/producten\\\/lactose-producten\\\/#local-main-organization-logo\"},\"address\":{\"@id\":\"https:\\\/\\\/www.ariondairy.nl\\\/producten\\\/lactose-producten\\\/#local-main-place-address\"},\"geo\":{\"@type\":\"GeoCoordinates\",\"latitude\":\"51.7762237\",\"longitude\":\"5.947664\"},\"telephone\":[\"+31 24 357 04 60\"],\"openingHoursSpecification\":[],\"email\":\"info@ariondairy.nl\",\"faxNumber\":\"+31 24 357 04 69\"},{\"@type\":\"PostalAddress\",\"@id\":\"https:\\\/\\\/www.ariondairy.nl\\\/producten\\\/lactose-producten\\\/#local-main-place-address\",\"streetAddress\":\"Industrieweg 45\",\"addressLocality\":\"Groesbeek\",\"postalCode\":\"6562 AP\",\"addressRegion\":\"Gelderland\",\"addressCountry\":\"NL\"},{\"@type\":\"ImageObject\",\"inLanguage\":\"de\",\"@id\":\"https:\\\/\\\/www.ariondairy.nl\\\/producten\\\/lactose-producten\\\/#local-main-organization-logo\",\"url\":\"https:\\\/\\\/www.ariondairy.nl\\\/wp-content\\\/uploads\\\/arion-dairy-products-melkpoeder-logo.png\",\"contentUrl\":\"https:\\\/\\\/www.ariondairy.nl\\\/wp-content\\\/uploads\\\/arion-dairy-products-melkpoeder-logo.png\",\"width\":700,\"height\":80,\"caption\":\"Arion Dairy Products\"}]}<\/script>\n<meta name=\"geo.placename\" content=\"Groesbeek\" \/>\n<meta name=\"geo.position\" content=\"51.7762237;5.947664\" \/>\n<meta name=\"geo.region\" content=\"Niederlande\" \/>\n<!-- \/ Yoast SEO plugin. -->","yoast_head_json":{"title":"Laktose-Produkte - Arion Dairy Products","robots":{"index":"index","follow":"follow","max-snippet":"max-snippet:-1","max-image-preview":"max-image-preview:large","max-video-preview":"max-video-preview:-1"},"canonical":"https:\/\/www.ariondairy.nl\/producten\/lactose-producten\/","og_locale":"de_DE","og_type":"article","og_title":"Laktose-Produkte - Arion Dairy Products","og_description":"Laktose-Produkte","og_url":"https:\/\/www.ariondairy.nl\/producten\/lactose-producten\/","og_site_name":"Arion Dairy Products","article_modified_time":"2016-11-14T08:39:34+00:00","og_image":[{"width":666,"height":220,"url":"https:\/\/www.ariondairy.nl\/wp-content\/uploads\/Arion-Lactose-Producten.jpg","type":"image\/jpeg"}],"twitter_card":"summary_large_image","twitter_misc":{"Gesch\u00e4tzte Lesezeit":"1\u00a0Minute"},"schema":{"@context":"https:\/\/schema.org","@graph":[{"@type":"WebPage","@id":"https:\/\/www.ariondairy.nl\/producten\/lactose-producten\/","url":"https:\/\/www.ariondairy.nl\/producten\/lactose-producten\/","name":"Laktose-Produkte - Arion Dairy Products","isPartOf":{"@id":"https:\/\/www.ariondairy.nl\/#website"},"primaryImageOfPage":{"@id":"https:\/\/www.ariondairy.nl\/producten\/lactose-producten\/#primaryimage"},"image":{"@id":"https:\/\/www.ariondairy.nl\/producten\/lactose-producten\/#primaryimage"},"thumbnailUrl":"https:\/\/www.ariondairy.nl\/wp-content\/uploads\/Arion-Lactose-Producten.jpg","datePublished":"2016-11-11T16:07:26+00:00","dateModified":"2016-11-14T08:39:34+00:00","breadcrumb":{"@id":"https:\/\/www.ariondairy.nl\/producten\/lactose-producten\/#breadcrumb"},"inLanguage":"de","potentialAction":[{"@type":"ReadAction","target":["https:\/\/www.ariondairy.nl\/producten\/lactose-producten\/"]}]},{"@type":"ImageObject","inLanguage":"de","@id":"https:\/\/www.ariondairy.nl\/producten\/lactose-producten\/#primaryimage","url":"https:\/\/www.ariondairy.nl\/wp-content\/uploads\/Arion-Lactose-Producten.jpg","contentUrl":"https:\/\/www.ariondairy.nl\/wp-content\/uploads\/Arion-Lactose-Producten.jpg","width":666,"height":220,"caption":"Arion lactose producten - roompoeder"},{"@type":"BreadcrumbList","@id":"https:\/\/www.ariondairy.nl\/producten\/lactose-producten\/#breadcrumb","itemListElement":[{"@type":"ListItem","position":1,"name":"Home","item":"https:\/\/www.ariondairy.nl\/"},{"@type":"ListItem","position":2,"name":"Produkte","item":"https:\/\/www.ariondairy.nl\/producten\/"},{"@type":"ListItem","position":3,"name":"Laktose-Produkte"}]},{"@type":"WebSite","@id":"https:\/\/www.ariondairy.nl\/#website","url":"https:\/\/www.ariondairy.nl\/","name":"Arion Dairy Products","description":"Voor al uw zuivel- en zuivelgerelateerde producten","publisher":{"@id":"https:\/\/www.ariondairy.nl\/#organization"},"potentialAction":[{"@type":"SearchAction","target":{"@type":"EntryPoint","urlTemplate":"https:\/\/www.ariondairy.nl\/?s={search_term_string}"},"query-input":{"@type":"PropertyValueSpecification","valueRequired":true,"valueName":"search_term_string"}}],"inLanguage":"de"},{"@type":["Organization","Place"],"@id":"https:\/\/www.ariondairy.nl\/#organization","name":"Arion Dairy Products","url":"https:\/\/www.ariondairy.nl\/","logo":{"@id":"https:\/\/www.ariondairy.nl\/producten\/lactose-producten\/#local-main-organization-logo"},"image":{"@id":"https:\/\/www.ariondairy.nl\/producten\/lactose-producten\/#local-main-organization-logo"},"address":{"@id":"https:\/\/www.ariondairy.nl\/producten\/lactose-producten\/#local-main-place-address"},"geo":{"@type":"GeoCoordinates","latitude":"51.7762237","longitude":"5.947664"},"telephone":["+31 24 357 04 60"],"openingHoursSpecification":[],"email":"info@ariondairy.nl","faxNumber":"+31 24 357 04 69"},{"@type":"PostalAddress","@id":"https:\/\/www.ariondairy.nl\/producten\/lactose-producten\/#local-main-place-address","streetAddress":"Industrieweg 45","addressLocality":"Groesbeek","postalCode":"6562 AP","addressRegion":"Gelderland","addressCountry":"NL"},{"@type":"ImageObject","inLanguage":"de","@id":"https:\/\/www.ariondairy.nl\/producten\/lactose-producten\/#local-main-organization-logo","url":"https:\/\/www.ariondairy.nl\/wp-content\/uploads\/arion-dairy-products-melkpoeder-logo.png","contentUrl":"https:\/\/www.ariondairy.nl\/wp-content\/uploads\/arion-dairy-products-melkpoeder-logo.png","width":700,"height":80,"caption":"Arion Dairy Products"}]},"geo.placename":"Groesbeek","geo.position":{"lat":"51.7762237","long":"5.947664"},"geo.region":"Niederlande"},"_links":{"self":[{"href":"https:\/\/www.ariondairy.nl\/de\/wp-json\/wp\/v2\/pages\/359","targetHints":{"allow":["GET"]}}],"collection":[{"href":"https:\/\/www.ariondairy.nl\/de\/wp-json\/wp\/v2\/pages"}],"about":[{"href":"https:\/\/www.ariondairy.nl\/de\/wp-json\/wp\/v2\/types\/page"}],"author":[{"embeddable":true,"href":"https:\/\/www.ariondairy.nl\/de\/wp-json\/wp\/v2\/users\/7"}],"replies":[{"embeddable":true,"href":"https:\/\/www.ariondairy.nl\/de\/wp-json\/wp\/v2\/comments?post=359"}],"version-history":[{"count":3,"href":"https:\/\/www.ariondairy.nl\/de\/wp-json\/wp\/v2\/pages\/359\/revisions"}],"predecessor-version":[{"id":403,"href":"https:\/\/www.ariondairy.nl\/de\/wp-json\/wp\/v2\/pages\/359\/revisions\/403"}],"up":[{"embeddable":true,"href":"https:\/\/www.ariondairy.nl\/de\/wp-json\/wp\/v2\/pages\/339"}],"wp:featuredmedia":[{"embeddable":true,"href":"https:\/\/www.ariondairy.nl\/de\/wp-json\/wp\/v2\/media\/140"}],"wp:attachment":[{"href":"https:\/\/www.ariondairy.nl\/de\/wp-json\/wp\/v2\/media?parent=359"}],"curies":[{"name":"wp","href":"https:\/\/api.w.org\/{rel}","templated":true}]}}