{"id":353,"date":"2016-11-11T17:03:14","date_gmt":"2016-11-11T16:03:14","guid":{"rendered":"https:\/\/www.ariondairy.nl\/de\/?page_id=353"},"modified":"2016-12-13T13:50:21","modified_gmt":"2016-12-13T12:50:21","slug":"buttermilchpulver","status":"publish","type":"page","link":"https:\/\/www.ariondairy.nl\/de\/produkte\/buttermilchpulver\/","title":{"rendered":"Buttermilchpulver"},"content":{"rendered":"<div>\n<h1><span lang=\"DE\">Buttermilchpulver<\/span><\/h1>\n<div class='content-column one_half'><p><span lang=\"DE\">Buttermilchpulver wird aus Buttermilch hergestellt. Buttermilch entsteht\u00a0bei der Herstellung von Butter aus frischem Rahm. Die Buttermilch ist konzentriert, pasteurisiert und getrocknet.<\/span><\/p>\n<h2><span lang=\"DE\">Verwendung<\/span><\/h2>\n<p><span lang=\"DE\">Buttermilchpulver wird zum Beispiel benutzt in der Heimtiernahrung, im Schweinefutter und als Rohstoff f\u00fcr Milchaustauscher f\u00fcr K\u00e4lber in der Tierfutterindustrie. In der Lebensmittelindustrie wird dieses unter anderem bei der Herstellung von B\u00e4ckereierzeugnissen, Schokolade, Milchgetr\u00e4nken, Eis und Desserts verwendet.<\/span><\/p>\n<h2><span lang=\"DE\">M\u00f6glichkeiten<\/span><\/h2>\n<p><span lang=\"DE\">Bei Arion Dairy Products erhalten Sie Buttermilchpulver in verschiedenen Mengen und Verpackungen. Bulkmengen, Big Bags oder S\u00e4cken. W\u00fcnschen Sie eine andere Zusammensetzung oder Verpackung eines bestimmten Produktes, dann informieren wir Sie gerne \u00fcber ma\u00dfgeschneiderte L\u00f6sungen.<\/span><\/p><\/div><div class='content-column one_half last_column'><h2><span lang=\"DE\">Qualit\u00e4t<\/span><\/h2>\n<p><span lang=\"DE\">In der EU gelten strenge Gesetze und Vorschriften in den Bereichen Sicherheit und Qualit\u00e4t von Milchrohstoffen, insbesondere in Bezug auf die Tierfutter- und Lebensmittelindustrie. Produktsicherheit ist dabei von gr\u00f6\u00dfter Bedeutung. <\/span><span lang=\"DE\">Mit der Zertifizierung nach GMP+ und sein HACCP-System gew\u00e4hrleistet Arion Dairy Products die Qualit\u00e4t der Produkte. Unsere Produkte und unsere Vorgehensweise entsprechen allen internationalen gesetzlichen Anforderungen. Au\u00dferdem arbeiten wir ausschlie\u00dflich mit zertifizierten Laboratorien zusammen.<\/span><\/p>\n<h2><span lang=\"DE\">Haben Sie Fragen oder Interesse?<\/span><\/h2>\n<p><span lang=\"DE\">M\u00f6chten Sie weitere Informationen in Bezug auf Buttermilchpulver oder m\u00f6chten Sie ein Angebot anfordern? Nehmen Sie bitte Kontakt mit uns auf \u00fcber <\/span><a href=\"mailto:rg@ariondairy.nl\"><span lang=\"DE\">rg@ariondairy.nl<\/span><\/a><span lang=\"DE\"> oder <\/span><a href=\"tel:0243570460\"><span lang=\"DE\">+31 (0)24-3570460<\/span><\/a><span lang=\"DE\">. In unserem B\u00fcro am Industrieweg 45 in Groesbeek in den Niederlanden begr\u00fc\u00dfen wir Sie gerne zu einem unverbindlichen Gespr\u00e4ch.<\/span><\/p><\/div><div class='clear_column'><\/div><\/p>\n<\/div>\n","protected":false},"excerpt":{"rendered":"<p>Buttermilchpulver<\/p>\n","protected":false},"author":7,"featured_media":134,"parent":339,"menu_order":0,"comment_status":"closed","ping_status":"closed","template":"","meta":{"_acf_changed":false,"footnotes":""},"class_list":["post-353","page","type-page","status-publish","has-post-thumbnail","hentry"],"acf":[],"yoast_head":"<!-- This site is optimized with the Yoast SEO plugin v27.5 - https:\/\/yoast.com\/product\/yoast-seo-wordpress\/ -->\n<title>Buttermilchpulver - Arion Dairy Products<\/title>\n<meta name=\"robots\" content=\"index, follow, max-snippet:-1, max-image-preview:large, max-video-preview:-1\" \/>\n<link rel=\"canonical\" href=\"https:\/\/www.ariondairy.nl\/producten\/karnemelkpoeder\/\" \/>\n<meta property=\"og:locale\" content=\"de_DE\" \/>\n<meta property=\"og:type\" content=\"article\" \/>\n<meta property=\"og:title\" content=\"Buttermilchpulver - Arion Dairy Products\" \/>\n<meta property=\"og:description\" content=\"Buttermilchpulver\" \/>\n<meta property=\"og:url\" content=\"https:\/\/www.ariondairy.nl\/producten\/karnemelkpoeder\/\" \/>\n<meta property=\"og:site_name\" content=\"Arion Dairy Products\" \/>\n<meta property=\"article:modified_time\" content=\"2016-12-13T12:50:21+00:00\" \/>\n<meta property=\"og:image\" content=\"https:\/\/www.ariondairy.nl\/wp-content\/uploads\/Arion-Volle-melkpoeder.jpg\" \/>\n\t<meta property=\"og:image:width\" content=\"666\" \/>\n\t<meta property=\"og:image:height\" content=\"220\" \/>\n\t<meta property=\"og:image:type\" content=\"image\/jpeg\" \/>\n<meta name=\"twitter:card\" content=\"summary_large_image\" \/>\n<meta name=\"twitter:label1\" content=\"Gesch\u00e4tzte Lesezeit\" \/>\n\t<meta name=\"twitter:data1\" content=\"1\u00a0Minute\" \/>\n<script type=\"application\/ld+json\" class=\"yoast-schema-graph\">{\"@context\":\"https:\\\/\\\/schema.org\",\"@graph\":[{\"@type\":\"WebPage\",\"@id\":\"https:\\\/\\\/www.ariondairy.nl\\\/producten\\\/karnemelkpoeder\\\/\",\"url\":\"https:\\\/\\\/www.ariondairy.nl\\\/producten\\\/karnemelkpoeder\\\/\",\"name\":\"Buttermilchpulver - Arion Dairy Products\",\"isPartOf\":{\"@id\":\"https:\\\/\\\/www.ariondairy.nl\\\/#website\"},\"primaryImageOfPage\":{\"@id\":\"https:\\\/\\\/www.ariondairy.nl\\\/producten\\\/karnemelkpoeder\\\/#primaryimage\"},\"image\":{\"@id\":\"https:\\\/\\\/www.ariondairy.nl\\\/producten\\\/karnemelkpoeder\\\/#primaryimage\"},\"thumbnailUrl\":\"https:\\\/\\\/www.ariondairy.nl\\\/wp-content\\\/uploads\\\/Arion-Volle-melkpoeder.jpg\",\"datePublished\":\"2016-11-11T16:03:14+00:00\",\"dateModified\":\"2016-12-13T12:50:21+00:00\",\"breadcrumb\":{\"@id\":\"https:\\\/\\\/www.ariondairy.nl\\\/producten\\\/karnemelkpoeder\\\/#breadcrumb\"},\"inLanguage\":\"de\",\"potentialAction\":[{\"@type\":\"ReadAction\",\"target\":[\"https:\\\/\\\/www.ariondairy.nl\\\/producten\\\/karnemelkpoeder\\\/\"]}]},{\"@type\":\"ImageObject\",\"inLanguage\":\"de\",\"@id\":\"https:\\\/\\\/www.ariondairy.nl\\\/producten\\\/karnemelkpoeder\\\/#primaryimage\",\"url\":\"https:\\\/\\\/www.ariondairy.nl\\\/wp-content\\\/uploads\\\/Arion-Volle-melkpoeder.jpg\",\"contentUrl\":\"https:\\\/\\\/www.ariondairy.nl\\\/wp-content\\\/uploads\\\/Arion-Volle-melkpoeder.jpg\",\"width\":666,\"height\":220,\"caption\":\"Arion Volle melkpoeder - karnemelkpoeder\"},{\"@type\":\"BreadcrumbList\",\"@id\":\"https:\\\/\\\/www.ariondairy.nl\\\/producten\\\/karnemelkpoeder\\\/#breadcrumb\",\"itemListElement\":[{\"@type\":\"ListItem\",\"position\":1,\"name\":\"Home\",\"item\":\"https:\\\/\\\/www.ariondairy.nl\\\/\"},{\"@type\":\"ListItem\",\"position\":2,\"name\":\"Produkte\",\"item\":\"https:\\\/\\\/www.ariondairy.nl\\\/producten\\\/\"},{\"@type\":\"ListItem\",\"position\":3,\"name\":\"Buttermilchpulver\"}]},{\"@type\":\"WebSite\",\"@id\":\"https:\\\/\\\/www.ariondairy.nl\\\/#website\",\"url\":\"https:\\\/\\\/www.ariondairy.nl\\\/\",\"name\":\"Arion Dairy Products\",\"description\":\"Voor al uw zuivel- en zuivelgerelateerde producten\",\"publisher\":{\"@id\":\"https:\\\/\\\/www.ariondairy.nl\\\/#organization\"},\"potentialAction\":[{\"@type\":\"SearchAction\",\"target\":{\"@type\":\"EntryPoint\",\"urlTemplate\":\"https:\\\/\\\/www.ariondairy.nl\\\/?s={search_term_string}\"},\"query-input\":{\"@type\":\"PropertyValueSpecification\",\"valueRequired\":true,\"valueName\":\"search_term_string\"}}],\"inLanguage\":\"de\"},{\"@type\":[\"Organization\",\"Place\"],\"@id\":\"https:\\\/\\\/www.ariondairy.nl\\\/#organization\",\"name\":\"Arion Dairy Products\",\"url\":\"https:\\\/\\\/www.ariondairy.nl\\\/\",\"logo\":{\"@id\":\"https:\\\/\\\/www.ariondairy.nl\\\/producten\\\/karnemelkpoeder\\\/#local-main-organization-logo\"},\"image\":{\"@id\":\"https:\\\/\\\/www.ariondairy.nl\\\/producten\\\/karnemelkpoeder\\\/#local-main-organization-logo\"},\"address\":{\"@id\":\"https:\\\/\\\/www.ariondairy.nl\\\/producten\\\/karnemelkpoeder\\\/#local-main-place-address\"},\"geo\":{\"@type\":\"GeoCoordinates\",\"latitude\":\"51.7762237\",\"longitude\":\"5.947664\"},\"telephone\":[\"+31 24 357 04 60\"],\"openingHoursSpecification\":[],\"email\":\"info@ariondairy.nl\",\"faxNumber\":\"+31 24 357 04 69\"},{\"@type\":\"PostalAddress\",\"@id\":\"https:\\\/\\\/www.ariondairy.nl\\\/producten\\\/karnemelkpoeder\\\/#local-main-place-address\",\"streetAddress\":\"Industrieweg 45\",\"addressLocality\":\"Groesbeek\",\"postalCode\":\"6562 AP\",\"addressRegion\":\"Gelderland\",\"addressCountry\":\"NL\"},{\"@type\":\"ImageObject\",\"inLanguage\":\"de\",\"@id\":\"https:\\\/\\\/www.ariondairy.nl\\\/producten\\\/karnemelkpoeder\\\/#local-main-organization-logo\",\"url\":\"https:\\\/\\\/www.ariondairy.nl\\\/wp-content\\\/uploads\\\/arion-dairy-products-melkpoeder-logo.png\",\"contentUrl\":\"https:\\\/\\\/www.ariondairy.nl\\\/wp-content\\\/uploads\\\/arion-dairy-products-melkpoeder-logo.png\",\"width\":700,\"height\":80,\"caption\":\"Arion Dairy Products\"}]}<\/script>\n<meta name=\"geo.placename\" content=\"Groesbeek\" \/>\n<meta name=\"geo.position\" content=\"51.7762237;5.947664\" \/>\n<meta name=\"geo.region\" content=\"Niederlande\" \/>\n<!-- \/ Yoast SEO plugin. -->","yoast_head_json":{"title":"Buttermilchpulver - Arion Dairy Products","robots":{"index":"index","follow":"follow","max-snippet":"max-snippet:-1","max-image-preview":"max-image-preview:large","max-video-preview":"max-video-preview:-1"},"canonical":"https:\/\/www.ariondairy.nl\/producten\/karnemelkpoeder\/","og_locale":"de_DE","og_type":"article","og_title":"Buttermilchpulver - Arion Dairy Products","og_description":"Buttermilchpulver","og_url":"https:\/\/www.ariondairy.nl\/producten\/karnemelkpoeder\/","og_site_name":"Arion Dairy Products","article_modified_time":"2016-12-13T12:50:21+00:00","og_image":[{"width":666,"height":220,"url":"https:\/\/www.ariondairy.nl\/wp-content\/uploads\/Arion-Volle-melkpoeder.jpg","type":"image\/jpeg"}],"twitter_card":"summary_large_image","twitter_misc":{"Gesch\u00e4tzte Lesezeit":"1\u00a0Minute"},"schema":{"@context":"https:\/\/schema.org","@graph":[{"@type":"WebPage","@id":"https:\/\/www.ariondairy.nl\/producten\/karnemelkpoeder\/","url":"https:\/\/www.ariondairy.nl\/producten\/karnemelkpoeder\/","name":"Buttermilchpulver - Arion Dairy Products","isPartOf":{"@id":"https:\/\/www.ariondairy.nl\/#website"},"primaryImageOfPage":{"@id":"https:\/\/www.ariondairy.nl\/producten\/karnemelkpoeder\/#primaryimage"},"image":{"@id":"https:\/\/www.ariondairy.nl\/producten\/karnemelkpoeder\/#primaryimage"},"thumbnailUrl":"https:\/\/www.ariondairy.nl\/wp-content\/uploads\/Arion-Volle-melkpoeder.jpg","datePublished":"2016-11-11T16:03:14+00:00","dateModified":"2016-12-13T12:50:21+00:00","breadcrumb":{"@id":"https:\/\/www.ariondairy.nl\/producten\/karnemelkpoeder\/#breadcrumb"},"inLanguage":"de","potentialAction":[{"@type":"ReadAction","target":["https:\/\/www.ariondairy.nl\/producten\/karnemelkpoeder\/"]}]},{"@type":"ImageObject","inLanguage":"de","@id":"https:\/\/www.ariondairy.nl\/producten\/karnemelkpoeder\/#primaryimage","url":"https:\/\/www.ariondairy.nl\/wp-content\/uploads\/Arion-Volle-melkpoeder.jpg","contentUrl":"https:\/\/www.ariondairy.nl\/wp-content\/uploads\/Arion-Volle-melkpoeder.jpg","width":666,"height":220,"caption":"Arion Volle melkpoeder - karnemelkpoeder"},{"@type":"BreadcrumbList","@id":"https:\/\/www.ariondairy.nl\/producten\/karnemelkpoeder\/#breadcrumb","itemListElement":[{"@type":"ListItem","position":1,"name":"Home","item":"https:\/\/www.ariondairy.nl\/"},{"@type":"ListItem","position":2,"name":"Produkte","item":"https:\/\/www.ariondairy.nl\/producten\/"},{"@type":"ListItem","position":3,"name":"Buttermilchpulver"}]},{"@type":"WebSite","@id":"https:\/\/www.ariondairy.nl\/#website","url":"https:\/\/www.ariondairy.nl\/","name":"Arion Dairy Products","description":"Voor al uw zuivel- en zuivelgerelateerde producten","publisher":{"@id":"https:\/\/www.ariondairy.nl\/#organization"},"potentialAction":[{"@type":"SearchAction","target":{"@type":"EntryPoint","urlTemplate":"https:\/\/www.ariondairy.nl\/?s={search_term_string}"},"query-input":{"@type":"PropertyValueSpecification","valueRequired":true,"valueName":"search_term_string"}}],"inLanguage":"de"},{"@type":["Organization","Place"],"@id":"https:\/\/www.ariondairy.nl\/#organization","name":"Arion Dairy Products","url":"https:\/\/www.ariondairy.nl\/","logo":{"@id":"https:\/\/www.ariondairy.nl\/producten\/karnemelkpoeder\/#local-main-organization-logo"},"image":{"@id":"https:\/\/www.ariondairy.nl\/producten\/karnemelkpoeder\/#local-main-organization-logo"},"address":{"@id":"https:\/\/www.ariondairy.nl\/producten\/karnemelkpoeder\/#local-main-place-address"},"geo":{"@type":"GeoCoordinates","latitude":"51.7762237","longitude":"5.947664"},"telephone":["+31 24 357 04 60"],"openingHoursSpecification":[],"email":"info@ariondairy.nl","faxNumber":"+31 24 357 04 69"},{"@type":"PostalAddress","@id":"https:\/\/www.ariondairy.nl\/producten\/karnemelkpoeder\/#local-main-place-address","streetAddress":"Industrieweg 45","addressLocality":"Groesbeek","postalCode":"6562 AP","addressRegion":"Gelderland","addressCountry":"NL"},{"@type":"ImageObject","inLanguage":"de","@id":"https:\/\/www.ariondairy.nl\/producten\/karnemelkpoeder\/#local-main-organization-logo","url":"https:\/\/www.ariondairy.nl\/wp-content\/uploads\/arion-dairy-products-melkpoeder-logo.png","contentUrl":"https:\/\/www.ariondairy.nl\/wp-content\/uploads\/arion-dairy-products-melkpoeder-logo.png","width":700,"height":80,"caption":"Arion Dairy Products"}]},"geo.placename":"Groesbeek","geo.position":{"lat":"51.7762237","long":"5.947664"},"geo.region":"Niederlande"},"_links":{"self":[{"href":"https:\/\/www.ariondairy.nl\/de\/wp-json\/wp\/v2\/pages\/353","targetHints":{"allow":["GET"]}}],"collection":[{"href":"https:\/\/www.ariondairy.nl\/de\/wp-json\/wp\/v2\/pages"}],"about":[{"href":"https:\/\/www.ariondairy.nl\/de\/wp-json\/wp\/v2\/types\/page"}],"author":[{"embeddable":true,"href":"https:\/\/www.ariondairy.nl\/de\/wp-json\/wp\/v2\/users\/7"}],"replies":[{"embeddable":true,"href":"https:\/\/www.ariondairy.nl\/de\/wp-json\/wp\/v2\/comments?post=353"}],"version-history":[{"count":5,"href":"https:\/\/www.ariondairy.nl\/de\/wp-json\/wp\/v2\/pages\/353\/revisions"}],"predecessor-version":[{"id":439,"href":"https:\/\/www.ariondairy.nl\/de\/wp-json\/wp\/v2\/pages\/353\/revisions\/439"}],"up":[{"embeddable":true,"href":"https:\/\/www.ariondairy.nl\/de\/wp-json\/wp\/v2\/pages\/339"}],"wp:featuredmedia":[{"embeddable":true,"href":"https:\/\/www.ariondairy.nl\/de\/wp-json\/wp\/v2\/media\/134"}],"wp:attachment":[{"href":"https:\/\/www.ariondairy.nl\/de\/wp-json\/wp\/v2\/media?parent=353"}],"curies":[{"name":"wp","href":"https:\/\/api.w.org\/{rel}","templated":true}]}}