{"id":349,"date":"2016-11-11T16:58:50","date_gmt":"2016-11-11T15:58:50","guid":{"rendered":"https:\/\/www.ariondairy.nl\/de\/?page_id=349"},"modified":"2016-11-14T09:40:48","modified_gmt":"2016-11-14T08:40:48","slug":"milchproteinkonzentrat-mpc","status":"publish","type":"page","link":"https:\/\/www.ariondairy.nl\/de\/produkte\/milchproteinkonzentrat-mpc\/","title":{"rendered":"Milchproteinkonzentrat (MPC)"},"content":{"rendered":"<div>\n<h1><span lang=\"DE\">Milchproteinkonzentrat (MPC)<\/span><\/h1>\n<div class='content-column one_half'><p><span lang=\"DE\">Milchproteinkonzentrat wird aus frischer, pasteurisierter Magermilch hergestellt. Durch Ultrafiltration wird das Milcheiwei\u00df von den \u00fcbrigen Bestandteilen abgeschieden. Das Fl\u00fcssigkonzentrat wird noch weiter konzentriert und getrocknet. MPC ist mit 40% bis 85% Milcheiwei\u00df erh\u00e4ltlich.<\/span><\/p>\n<h2><span lang=\"DE\">Verwendung<\/span><\/h2>\n<p><span lang=\"DE\">In der Tierfutterindustrie benutzt man Milchproteinkonzentrat unter anderem in der Heimtiernahrung und im Schweinefutter und als Rohstoff f\u00fcr Milchaustauscher f\u00fcr K\u00e4lber. In der Lebensmittelindustrie wird MPC zum Beispiel bei der Herstellung von B\u00e4ckereierzeugnissen, Lebensmitteln f\u00fcr Sportler, Energieriegeln, Milchgetr\u00e4nken und Desserts benutzt.<\/span><\/p>\n<h2><span lang=\"DE\">M\u00f6glichkeiten<\/span><\/h2>\n<p><span lang=\"DE\">Sie k\u00f6nnen Milchproteinkonzentrat bei uns in Big Bags, Bulkmengen und S\u00e4cke bestellen. W\u00fcnschen Sie ma\u00dfgeschneiderte L\u00f6sungen, wie zum Beispiel eine andere Verpackung oder Zusammensetzung? Kontaktieren Sie uns und wir werden gemeinsam mit Ihnen eine passende L\u00f6sung finden.<\/span><\/p><\/div><div class='content-column one_half last_column'><h2><span lang=\"DE\">Qualit\u00e4t<\/span><\/h2>\n<p><span lang=\"DE\">In der Tierfutter- und Lebensmittelindustrie dreht sich alles um Qualit\u00e4t und Produktsicherheit. In der EU gelten strenge Gesetze und Vorschriften in den Bereichen Qualit\u00e4t und Sicherheit von Milchrohstoffen. Arion Dairy <\/span><span lang=\"DE\">hat sein HACCP-System und ist GMP+ zertifiziert, und kann hierdurch die Qualit\u00e4t der Produkte gew\u00e4hrleisten. Unsere Lieferungen entsprechen nat\u00fcrlich allen internationalen gesetzlichen Anforderungen. Wir arbeiten ausschlie\u00dflich mit zertifizierten Laboratorien zusammen.<\/span><\/p>\n<h2><span lang=\"DE\">Haben Sie Fragen oder Interesse?<\/span><\/h2>\n<p><span lang=\"DE\">F\u00fcr weitere Fragen zu Milchproteinkonzentrat, Spezifikationen oder ein Angebot, nehmen Sie bitte Kontakt mit uns auf \u00fcber <\/span><a href=\"mailto:rg@ariondairy.nl\"><span lang=\"DE\">rg@ariondairy.nl<\/span><\/a><span lang=\"DE\"> oder <\/span><a href=\"tel:0243570460\"><span lang=\"DE\">+31 (0)24-3570460<\/span><\/a><span lang=\"DE\">. M\u00f6chten Sie lieber zu uns kommen, dann begr\u00fc\u00dfen wir Sie gerne in <\/span><span lang=\"DE\">unserem B\u00fcro am Industrieweg 45 in Groesbeek in den Niederlanden.<\/span><\/p><\/div><div class='clear_column'><\/div><\/p>\n<\/div>\n","protected":false},"excerpt":{"rendered":"<p>Milchproteinkonzentrat (MPC)<\/p>\n","protected":false},"author":7,"featured_media":138,"parent":339,"menu_order":0,"comment_status":"closed","ping_status":"closed","template":"","meta":{"_acf_changed":false,"footnotes":""},"class_list":["post-349","page","type-page","status-publish","has-post-thumbnail","hentry"],"acf":[],"yoast_head":"<!-- This site is optimized with the Yoast SEO plugin v27.5 - https:\/\/yoast.com\/product\/yoast-seo-wordpress\/ -->\n<title>Milchproteinkonzentrat (MPC) - Arion Dairy Products<\/title>\n<meta name=\"robots\" content=\"index, follow, max-snippet:-1, max-image-preview:large, max-video-preview:-1\" \/>\n<link rel=\"canonical\" href=\"https:\/\/www.ariondairy.nl\/producten\/melkproteinen-concentraat-mpc\/\" \/>\n<meta property=\"og:locale\" content=\"de_DE\" \/>\n<meta property=\"og:type\" content=\"article\" \/>\n<meta property=\"og:title\" content=\"Milchproteinkonzentrat (MPC) - Arion Dairy Products\" \/>\n<meta property=\"og:description\" content=\"Milchproteinkonzentrat (MPC)\" \/>\n<meta property=\"og:url\" content=\"https:\/\/www.ariondairy.nl\/producten\/melkproteinen-concentraat-mpc\/\" \/>\n<meta property=\"og:site_name\" content=\"Arion Dairy Products\" \/>\n<meta property=\"article:modified_time\" content=\"2016-11-14T08:40:48+00:00\" \/>\n<meta property=\"og:image\" content=\"https:\/\/www.ariondairy.nl\/wp-content\/uploads\/Arion-Melk-Kannen.jpg\" \/>\n\t<meta property=\"og:image:width\" content=\"666\" \/>\n\t<meta property=\"og:image:height\" content=\"220\" \/>\n\t<meta property=\"og:image:type\" content=\"image\/jpeg\" \/>\n<meta name=\"twitter:card\" content=\"summary_large_image\" \/>\n<meta name=\"twitter:label1\" content=\"Gesch\u00e4tzte Lesezeit\" \/>\n\t<meta name=\"twitter:data1\" content=\"1\u00a0Minute\" \/>\n<script type=\"application\/ld+json\" class=\"yoast-schema-graph\">{\"@context\":\"https:\\\/\\\/schema.org\",\"@graph\":[{\"@type\":\"WebPage\",\"@id\":\"https:\\\/\\\/www.ariondairy.nl\\\/producten\\\/melkproteinen-concentraat-mpc\\\/\",\"url\":\"https:\\\/\\\/www.ariondairy.nl\\\/producten\\\/melkproteinen-concentraat-mpc\\\/\",\"name\":\"Milchproteinkonzentrat (MPC) - Arion Dairy Products\",\"isPartOf\":{\"@id\":\"https:\\\/\\\/www.ariondairy.nl\\\/#website\"},\"primaryImageOfPage\":{\"@id\":\"https:\\\/\\\/www.ariondairy.nl\\\/producten\\\/melkproteinen-concentraat-mpc\\\/#primaryimage\"},\"image\":{\"@id\":\"https:\\\/\\\/www.ariondairy.nl\\\/producten\\\/melkproteinen-concentraat-mpc\\\/#primaryimage\"},\"thumbnailUrl\":\"https:\\\/\\\/www.ariondairy.nl\\\/wp-content\\\/uploads\\\/Arion-Melk-Kannen.jpg\",\"datePublished\":\"2016-11-11T15:58:50+00:00\",\"dateModified\":\"2016-11-14T08:40:48+00:00\",\"breadcrumb\":{\"@id\":\"https:\\\/\\\/www.ariondairy.nl\\\/producten\\\/melkproteinen-concentraat-mpc\\\/#breadcrumb\"},\"inLanguage\":\"de\",\"potentialAction\":[{\"@type\":\"ReadAction\",\"target\":[\"https:\\\/\\\/www.ariondairy.nl\\\/producten\\\/melkproteinen-concentraat-mpc\\\/\"]}]},{\"@type\":\"ImageObject\",\"inLanguage\":\"de\",\"@id\":\"https:\\\/\\\/www.ariondairy.nl\\\/producten\\\/melkproteinen-concentraat-mpc\\\/#primaryimage\",\"url\":\"https:\\\/\\\/www.ariondairy.nl\\\/wp-content\\\/uploads\\\/Arion-Melk-Kannen.jpg\",\"contentUrl\":\"https:\\\/\\\/www.ariondairy.nl\\\/wp-content\\\/uploads\\\/Arion-Melk-Kannen.jpg\",\"width\":666,\"height\":220,\"caption\":\"Arion Melkproteinen concentraat - weiprote\u00efne concentraat\"},{\"@type\":\"BreadcrumbList\",\"@id\":\"https:\\\/\\\/www.ariondairy.nl\\\/producten\\\/melkproteinen-concentraat-mpc\\\/#breadcrumb\",\"itemListElement\":[{\"@type\":\"ListItem\",\"position\":1,\"name\":\"Home\",\"item\":\"https:\\\/\\\/www.ariondairy.nl\\\/\"},{\"@type\":\"ListItem\",\"position\":2,\"name\":\"Produkte\",\"item\":\"https:\\\/\\\/www.ariondairy.nl\\\/producten\\\/\"},{\"@type\":\"ListItem\",\"position\":3,\"name\":\"Milchproteinkonzentrat (MPC)\"}]},{\"@type\":\"WebSite\",\"@id\":\"https:\\\/\\\/www.ariondairy.nl\\\/#website\",\"url\":\"https:\\\/\\\/www.ariondairy.nl\\\/\",\"name\":\"Arion Dairy Products\",\"description\":\"Voor al uw zuivel- en zuivelgerelateerde producten\",\"publisher\":{\"@id\":\"https:\\\/\\\/www.ariondairy.nl\\\/#organization\"},\"potentialAction\":[{\"@type\":\"SearchAction\",\"target\":{\"@type\":\"EntryPoint\",\"urlTemplate\":\"https:\\\/\\\/www.ariondairy.nl\\\/?s={search_term_string}\"},\"query-input\":{\"@type\":\"PropertyValueSpecification\",\"valueRequired\":true,\"valueName\":\"search_term_string\"}}],\"inLanguage\":\"de\"},{\"@type\":[\"Organization\",\"Place\"],\"@id\":\"https:\\\/\\\/www.ariondairy.nl\\\/#organization\",\"name\":\"Arion Dairy Products\",\"url\":\"https:\\\/\\\/www.ariondairy.nl\\\/\",\"logo\":{\"@id\":\"https:\\\/\\\/www.ariondairy.nl\\\/producten\\\/melkproteinen-concentraat-mpc\\\/#local-main-organization-logo\"},\"image\":{\"@id\":\"https:\\\/\\\/www.ariondairy.nl\\\/producten\\\/melkproteinen-concentraat-mpc\\\/#local-main-organization-logo\"},\"address\":{\"@id\":\"https:\\\/\\\/www.ariondairy.nl\\\/producten\\\/melkproteinen-concentraat-mpc\\\/#local-main-place-address\"},\"geo\":{\"@type\":\"GeoCoordinates\",\"latitude\":\"51.7762237\",\"longitude\":\"5.947664\"},\"telephone\":[\"+31 24 357 04 60\"],\"openingHoursSpecification\":[],\"email\":\"info@ariondairy.nl\",\"faxNumber\":\"+31 24 357 04 69\"},{\"@type\":\"PostalAddress\",\"@id\":\"https:\\\/\\\/www.ariondairy.nl\\\/producten\\\/melkproteinen-concentraat-mpc\\\/#local-main-place-address\",\"streetAddress\":\"Industrieweg 45\",\"addressLocality\":\"Groesbeek\",\"postalCode\":\"6562 AP\",\"addressRegion\":\"Gelderland\",\"addressCountry\":\"NL\"},{\"@type\":\"ImageObject\",\"inLanguage\":\"de\",\"@id\":\"https:\\\/\\\/www.ariondairy.nl\\\/producten\\\/melkproteinen-concentraat-mpc\\\/#local-main-organization-logo\",\"url\":\"https:\\\/\\\/www.ariondairy.nl\\\/wp-content\\\/uploads\\\/arion-dairy-products-melkpoeder-logo.png\",\"contentUrl\":\"https:\\\/\\\/www.ariondairy.nl\\\/wp-content\\\/uploads\\\/arion-dairy-products-melkpoeder-logo.png\",\"width\":700,\"height\":80,\"caption\":\"Arion Dairy Products\"}]}<\/script>\n<meta name=\"geo.placename\" content=\"Groesbeek\" \/>\n<meta name=\"geo.position\" content=\"51.7762237;5.947664\" \/>\n<meta name=\"geo.region\" content=\"Niederlande\" \/>\n<!-- \/ Yoast SEO plugin. -->","yoast_head_json":{"title":"Milchproteinkonzentrat (MPC) - Arion Dairy Products","robots":{"index":"index","follow":"follow","max-snippet":"max-snippet:-1","max-image-preview":"max-image-preview:large","max-video-preview":"max-video-preview:-1"},"canonical":"https:\/\/www.ariondairy.nl\/producten\/melkproteinen-concentraat-mpc\/","og_locale":"de_DE","og_type":"article","og_title":"Milchproteinkonzentrat (MPC) - Arion Dairy Products","og_description":"Milchproteinkonzentrat (MPC)","og_url":"https:\/\/www.ariondairy.nl\/producten\/melkproteinen-concentraat-mpc\/","og_site_name":"Arion Dairy Products","article_modified_time":"2016-11-14T08:40:48+00:00","og_image":[{"width":666,"height":220,"url":"https:\/\/www.ariondairy.nl\/wp-content\/uploads\/Arion-Melk-Kannen.jpg","type":"image\/jpeg"}],"twitter_card":"summary_large_image","twitter_misc":{"Gesch\u00e4tzte Lesezeit":"1\u00a0Minute"},"schema":{"@context":"https:\/\/schema.org","@graph":[{"@type":"WebPage","@id":"https:\/\/www.ariondairy.nl\/producten\/melkproteinen-concentraat-mpc\/","url":"https:\/\/www.ariondairy.nl\/producten\/melkproteinen-concentraat-mpc\/","name":"Milchproteinkonzentrat (MPC) - Arion Dairy Products","isPartOf":{"@id":"https:\/\/www.ariondairy.nl\/#website"},"primaryImageOfPage":{"@id":"https:\/\/www.ariondairy.nl\/producten\/melkproteinen-concentraat-mpc\/#primaryimage"},"image":{"@id":"https:\/\/www.ariondairy.nl\/producten\/melkproteinen-concentraat-mpc\/#primaryimage"},"thumbnailUrl":"https:\/\/www.ariondairy.nl\/wp-content\/uploads\/Arion-Melk-Kannen.jpg","datePublished":"2016-11-11T15:58:50+00:00","dateModified":"2016-11-14T08:40:48+00:00","breadcrumb":{"@id":"https:\/\/www.ariondairy.nl\/producten\/melkproteinen-concentraat-mpc\/#breadcrumb"},"inLanguage":"de","potentialAction":[{"@type":"ReadAction","target":["https:\/\/www.ariondairy.nl\/producten\/melkproteinen-concentraat-mpc\/"]}]},{"@type":"ImageObject","inLanguage":"de","@id":"https:\/\/www.ariondairy.nl\/producten\/melkproteinen-concentraat-mpc\/#primaryimage","url":"https:\/\/www.ariondairy.nl\/wp-content\/uploads\/Arion-Melk-Kannen.jpg","contentUrl":"https:\/\/www.ariondairy.nl\/wp-content\/uploads\/Arion-Melk-Kannen.jpg","width":666,"height":220,"caption":"Arion Melkproteinen concentraat - weiprote\u00efne concentraat"},{"@type":"BreadcrumbList","@id":"https:\/\/www.ariondairy.nl\/producten\/melkproteinen-concentraat-mpc\/#breadcrumb","itemListElement":[{"@type":"ListItem","position":1,"name":"Home","item":"https:\/\/www.ariondairy.nl\/"},{"@type":"ListItem","position":2,"name":"Produkte","item":"https:\/\/www.ariondairy.nl\/producten\/"},{"@type":"ListItem","position":3,"name":"Milchproteinkonzentrat (MPC)"}]},{"@type":"WebSite","@id":"https:\/\/www.ariondairy.nl\/#website","url":"https:\/\/www.ariondairy.nl\/","name":"Arion Dairy Products","description":"Voor al uw zuivel- en zuivelgerelateerde producten","publisher":{"@id":"https:\/\/www.ariondairy.nl\/#organization"},"potentialAction":[{"@type":"SearchAction","target":{"@type":"EntryPoint","urlTemplate":"https:\/\/www.ariondairy.nl\/?s={search_term_string}"},"query-input":{"@type":"PropertyValueSpecification","valueRequired":true,"valueName":"search_term_string"}}],"inLanguage":"de"},{"@type":["Organization","Place"],"@id":"https:\/\/www.ariondairy.nl\/#organization","name":"Arion Dairy Products","url":"https:\/\/www.ariondairy.nl\/","logo":{"@id":"https:\/\/www.ariondairy.nl\/producten\/melkproteinen-concentraat-mpc\/#local-main-organization-logo"},"image":{"@id":"https:\/\/www.ariondairy.nl\/producten\/melkproteinen-concentraat-mpc\/#local-main-organization-logo"},"address":{"@id":"https:\/\/www.ariondairy.nl\/producten\/melkproteinen-concentraat-mpc\/#local-main-place-address"},"geo":{"@type":"GeoCoordinates","latitude":"51.7762237","longitude":"5.947664"},"telephone":["+31 24 357 04 60"],"openingHoursSpecification":[],"email":"info@ariondairy.nl","faxNumber":"+31 24 357 04 69"},{"@type":"PostalAddress","@id":"https:\/\/www.ariondairy.nl\/producten\/melkproteinen-concentraat-mpc\/#local-main-place-address","streetAddress":"Industrieweg 45","addressLocality":"Groesbeek","postalCode":"6562 AP","addressRegion":"Gelderland","addressCountry":"NL"},{"@type":"ImageObject","inLanguage":"de","@id":"https:\/\/www.ariondairy.nl\/producten\/melkproteinen-concentraat-mpc\/#local-main-organization-logo","url":"https:\/\/www.ariondairy.nl\/wp-content\/uploads\/arion-dairy-products-melkpoeder-logo.png","contentUrl":"https:\/\/www.ariondairy.nl\/wp-content\/uploads\/arion-dairy-products-melkpoeder-logo.png","width":700,"height":80,"caption":"Arion Dairy Products"}]},"geo.placename":"Groesbeek","geo.position":{"lat":"51.7762237","long":"5.947664"},"geo.region":"Niederlande"},"_links":{"self":[{"href":"https:\/\/www.ariondairy.nl\/de\/wp-json\/wp\/v2\/pages\/349","targetHints":{"allow":["GET"]}}],"collection":[{"href":"https:\/\/www.ariondairy.nl\/de\/wp-json\/wp\/v2\/pages"}],"about":[{"href":"https:\/\/www.ariondairy.nl\/de\/wp-json\/wp\/v2\/types\/page"}],"author":[{"embeddable":true,"href":"https:\/\/www.ariondairy.nl\/de\/wp-json\/wp\/v2\/users\/7"}],"replies":[{"embeddable":true,"href":"https:\/\/www.ariondairy.nl\/de\/wp-json\/wp\/v2\/comments?post=349"}],"version-history":[{"count":3,"href":"https:\/\/www.ariondairy.nl\/de\/wp-json\/wp\/v2\/pages\/349\/revisions"}],"predecessor-version":[{"id":408,"href":"https:\/\/www.ariondairy.nl\/de\/wp-json\/wp\/v2\/pages\/349\/revisions\/408"}],"up":[{"embeddable":true,"href":"https:\/\/www.ariondairy.nl\/de\/wp-json\/wp\/v2\/pages\/339"}],"wp:featuredmedia":[{"embeddable":true,"href":"https:\/\/www.ariondairy.nl\/de\/wp-json\/wp\/v2\/media\/138"}],"wp:attachment":[{"href":"https:\/\/www.ariondairy.nl\/de\/wp-json\/wp\/v2\/media?parent=349"}],"curies":[{"name":"wp","href":"https:\/\/api.w.org\/{rel}","templated":true}]}}