{"id":345,"date":"2016-11-11T16:54:39","date_gmt":"2016-11-11T15:54:39","guid":{"rendered":"https:\/\/www.ariondairy.nl\/de\/?page_id=345"},"modified":"2016-11-14T09:32:24","modified_gmt":"2016-11-14T08:32:24","slug":"sahnepulver","status":"publish","type":"page","link":"https:\/\/www.ariondairy.nl\/de\/produkte\/sahnepulver\/","title":{"rendered":"Sahnepulver"},"content":{"rendered":"<div>\n<h1><span lang=\"DE\">Sahnepulver<\/span><\/h1>\n<div class='content-column one_half'><p><span lang=\"DE\">Sahnepulver wird aus frischer Milch hergestellt. Die Milch wird pasteurisiert, auf Fettgehalt standardisiert, konzentriert und danach getrocknet. Sahnepulver ist mit einem Fettgehalt zwischen 42% und 60% erh\u00e4ltlich.<\/span><\/p>\n<h2><span lang=\"DE\">Verwendung<\/span><\/h2>\n<p><span lang=\"DE\">Sahnepulver wird insbesondere in der Lebensmittelindustrie eingesetzt, unter anderem f\u00fcr B\u00e4ckereierzeugnisse, Schokolade, Eis und Desserts.<\/span><\/p>\n<h2><span lang=\"DE\">M\u00f6glichkeiten<\/span><\/h2>\n<p><span lang=\"DE\">Wir k\u00f6nnen Sahnepulver in Bulkmengen, Big Bags und S\u00e4cken liefern. W\u00fcnschen Sie auf Ihren Bedarf zugeschnittene Optionen zur Verbesserung Ihres Produktionsverfahrens, der Qualit\u00e4t bzw. der Kalkulation? Zusammen mit Ihnen finden wir immer eine passende L\u00f6sung, wie zum Beispiel eine andere Zusammensetzung oder Verpackung.<\/span><\/p><\/div><div class='content-column one_half last_column'><h2><span lang=\"DE\">Qualit\u00e4t<\/span><\/h2>\n<p><span lang=\"DE\">Qualit\u00e4t und Produktsicherheit sind in der Lebensmittel- und Tierfutterindustrie von wesentlicher Bedeutung. Die Sicherheit und Qualit\u00e4t der Milchrohstoffe sind durch die EU-Vorschriften streng geregelt. Arion Dairy <\/span><span lang=\"DE\">hat nat\u00fcrlich sein HACCP-System und ist GMP+ zertifiziert und kann somit die Qualit\u00e4t seiner Produkte gew\u00e4hrleisten. Unsere Lieferungen entsprechen allen internationalen gesetzlichen Anforderungen. Arion Dairy Products arbeitet ausschlie\u00dflich mit zertifizierten Laboratorien zusammen.<\/span><\/p>\n<h2><span lang=\"DE\">Haben Sie Fragen oder Interesse?<\/span><\/h2>\n<p><span lang=\"DE\">F\u00fcr weitere Fragen zu Sahnepulver, Spezifikationen oder ein Angebot, nehmen Sie bitte Kontakt mit uns auf \u00fcber <\/span><a href=\"mailto:rg@ariondairy.nl\"><span lang=\"DE\">rg@ariondairy.nl<\/span><\/a><span lang=\"DE\"> oder <\/span><a href=\"tel:0243570460\"><span lang=\"DE\">+31 (0)24-3570460<\/span><\/a><span lang=\"DE\">. Gerne begr\u00fc\u00dfen wir Sie auch in unserem B\u00fcro am Industrieweg 45 in Groesbeek in den Niederlanden.<\/span><\/p><\/div><div class='clear_column'><\/div><\/p>\n<\/div>\n","protected":false},"excerpt":{"rendered":"<p>Sahnepulver<\/p>\n","protected":false},"author":7,"featured_media":140,"parent":339,"menu_order":0,"comment_status":"closed","ping_status":"closed","template":"","meta":{"_acf_changed":false,"footnotes":""},"class_list":["post-345","page","type-page","status-publish","has-post-thumbnail","hentry"],"acf":[],"yoast_head":"<!-- This site is optimized with the Yoast SEO plugin v27.4 - https:\/\/yoast.com\/product\/yoast-seo-wordpress\/ -->\n<title>Sahnepulver - Arion Dairy Products<\/title>\n<meta name=\"robots\" content=\"index, follow, max-snippet:-1, max-image-preview:large, max-video-preview:-1\" \/>\n<link rel=\"canonical\" href=\"https:\/\/www.ariondairy.nl\/producten\/roompoeder\/\" \/>\n<meta property=\"og:locale\" content=\"de_DE\" \/>\n<meta property=\"og:type\" content=\"article\" \/>\n<meta property=\"og:title\" content=\"Sahnepulver - Arion Dairy Products\" \/>\n<meta property=\"og:description\" content=\"Sahnepulver\" \/>\n<meta property=\"og:url\" content=\"https:\/\/www.ariondairy.nl\/producten\/roompoeder\/\" \/>\n<meta property=\"og:site_name\" content=\"Arion Dairy Products\" \/>\n<meta property=\"article:modified_time\" content=\"2016-11-14T08:32:24+00:00\" \/>\n<meta property=\"og:image\" content=\"https:\/\/www.ariondairy.nl\/wp-content\/uploads\/Arion-Lactose-Producten.jpg\" \/>\n\t<meta property=\"og:image:width\" content=\"666\" \/>\n\t<meta property=\"og:image:height\" content=\"220\" \/>\n\t<meta property=\"og:image:type\" content=\"image\/jpeg\" \/>\n<meta name=\"twitter:card\" content=\"summary_large_image\" \/>\n<meta name=\"twitter:label1\" content=\"Gesch\u00e4tzte Lesezeit\" \/>\n\t<meta name=\"twitter:data1\" content=\"1\u00a0Minute\" \/>\n<script type=\"application\/ld+json\" class=\"yoast-schema-graph\">{\"@context\":\"https:\\\/\\\/schema.org\",\"@graph\":[{\"@type\":\"WebPage\",\"@id\":\"https:\\\/\\\/www.ariondairy.nl\\\/producten\\\/roompoeder\\\/\",\"url\":\"https:\\\/\\\/www.ariondairy.nl\\\/producten\\\/roompoeder\\\/\",\"name\":\"Sahnepulver - Arion Dairy Products\",\"isPartOf\":{\"@id\":\"https:\\\/\\\/www.ariondairy.nl\\\/#website\"},\"primaryImageOfPage\":{\"@id\":\"https:\\\/\\\/www.ariondairy.nl\\\/producten\\\/roompoeder\\\/#primaryimage\"},\"image\":{\"@id\":\"https:\\\/\\\/www.ariondairy.nl\\\/producten\\\/roompoeder\\\/#primaryimage\"},\"thumbnailUrl\":\"https:\\\/\\\/www.ariondairy.nl\\\/wp-content\\\/uploads\\\/Arion-Lactose-Producten.jpg\",\"datePublished\":\"2016-11-11T15:54:39+00:00\",\"dateModified\":\"2016-11-14T08:32:24+00:00\",\"breadcrumb\":{\"@id\":\"https:\\\/\\\/www.ariondairy.nl\\\/producten\\\/roompoeder\\\/#breadcrumb\"},\"inLanguage\":\"de\",\"potentialAction\":[{\"@type\":\"ReadAction\",\"target\":[\"https:\\\/\\\/www.ariondairy.nl\\\/producten\\\/roompoeder\\\/\"]}]},{\"@type\":\"ImageObject\",\"inLanguage\":\"de\",\"@id\":\"https:\\\/\\\/www.ariondairy.nl\\\/producten\\\/roompoeder\\\/#primaryimage\",\"url\":\"https:\\\/\\\/www.ariondairy.nl\\\/wp-content\\\/uploads\\\/Arion-Lactose-Producten.jpg\",\"contentUrl\":\"https:\\\/\\\/www.ariondairy.nl\\\/wp-content\\\/uploads\\\/Arion-Lactose-Producten.jpg\",\"width\":666,\"height\":220,\"caption\":\"Arion lactose producten - roompoeder\"},{\"@type\":\"BreadcrumbList\",\"@id\":\"https:\\\/\\\/www.ariondairy.nl\\\/producten\\\/roompoeder\\\/#breadcrumb\",\"itemListElement\":[{\"@type\":\"ListItem\",\"position\":1,\"name\":\"Home\",\"item\":\"https:\\\/\\\/www.ariondairy.nl\\\/\"},{\"@type\":\"ListItem\",\"position\":2,\"name\":\"Produkte\",\"item\":\"https:\\\/\\\/www.ariondairy.nl\\\/producten\\\/\"},{\"@type\":\"ListItem\",\"position\":3,\"name\":\"Sahnepulver\"}]},{\"@type\":\"WebSite\",\"@id\":\"https:\\\/\\\/www.ariondairy.nl\\\/#website\",\"url\":\"https:\\\/\\\/www.ariondairy.nl\\\/\",\"name\":\"Arion Dairy Products\",\"description\":\"Voor al uw zuivel- en zuivelgerelateerde producten\",\"publisher\":{\"@id\":\"https:\\\/\\\/www.ariondairy.nl\\\/#organization\"},\"potentialAction\":[{\"@type\":\"SearchAction\",\"target\":{\"@type\":\"EntryPoint\",\"urlTemplate\":\"https:\\\/\\\/www.ariondairy.nl\\\/?s={search_term_string}\"},\"query-input\":{\"@type\":\"PropertyValueSpecification\",\"valueRequired\":true,\"valueName\":\"search_term_string\"}}],\"inLanguage\":\"de\"},{\"@type\":[\"Organization\",\"Place\"],\"@id\":\"https:\\\/\\\/www.ariondairy.nl\\\/#organization\",\"name\":\"Arion Dairy Products\",\"url\":\"https:\\\/\\\/www.ariondairy.nl\\\/\",\"logo\":{\"@id\":\"https:\\\/\\\/www.ariondairy.nl\\\/producten\\\/roompoeder\\\/#local-main-organization-logo\"},\"image\":{\"@id\":\"https:\\\/\\\/www.ariondairy.nl\\\/producten\\\/roompoeder\\\/#local-main-organization-logo\"},\"address\":{\"@id\":\"https:\\\/\\\/www.ariondairy.nl\\\/producten\\\/roompoeder\\\/#local-main-place-address\"},\"geo\":{\"@type\":\"GeoCoordinates\",\"latitude\":\"51.7762237\",\"longitude\":\"5.947664\"},\"telephone\":[\"+31 24 357 04 60\"],\"openingHoursSpecification\":[],\"email\":\"info@ariondairy.nl\",\"faxNumber\":\"+31 24 357 04 69\"},{\"@type\":\"PostalAddress\",\"@id\":\"https:\\\/\\\/www.ariondairy.nl\\\/producten\\\/roompoeder\\\/#local-main-place-address\",\"streetAddress\":\"Industrieweg 45\",\"addressLocality\":\"Groesbeek\",\"postalCode\":\"6562 AP\",\"addressRegion\":\"Gelderland\",\"addressCountry\":\"NL\"},{\"@type\":\"ImageObject\",\"inLanguage\":\"de\",\"@id\":\"https:\\\/\\\/www.ariondairy.nl\\\/producten\\\/roompoeder\\\/#local-main-organization-logo\",\"url\":\"https:\\\/\\\/www.ariondairy.nl\\\/wp-content\\\/uploads\\\/arion-dairy-products-melkpoeder-logo.png\",\"contentUrl\":\"https:\\\/\\\/www.ariondairy.nl\\\/wp-content\\\/uploads\\\/arion-dairy-products-melkpoeder-logo.png\",\"width\":700,\"height\":80,\"caption\":\"Arion Dairy Products\"}]}<\/script>\n<meta name=\"geo.placename\" content=\"Groesbeek\" \/>\n<meta name=\"geo.position\" content=\"51.7762237;5.947664\" \/>\n<meta name=\"geo.region\" content=\"Niederlande\" \/>\n<!-- \/ Yoast SEO plugin. -->","yoast_head_json":{"title":"Sahnepulver - Arion Dairy Products","robots":{"index":"index","follow":"follow","max-snippet":"max-snippet:-1","max-image-preview":"max-image-preview:large","max-video-preview":"max-video-preview:-1"},"canonical":"https:\/\/www.ariondairy.nl\/producten\/roompoeder\/","og_locale":"de_DE","og_type":"article","og_title":"Sahnepulver - Arion Dairy Products","og_description":"Sahnepulver","og_url":"https:\/\/www.ariondairy.nl\/producten\/roompoeder\/","og_site_name":"Arion Dairy Products","article_modified_time":"2016-11-14T08:32:24+00:00","og_image":[{"width":666,"height":220,"url":"https:\/\/www.ariondairy.nl\/wp-content\/uploads\/Arion-Lactose-Producten.jpg","type":"image\/jpeg"}],"twitter_card":"summary_large_image","twitter_misc":{"Gesch\u00e4tzte Lesezeit":"1\u00a0Minute"},"schema":{"@context":"https:\/\/schema.org","@graph":[{"@type":"WebPage","@id":"https:\/\/www.ariondairy.nl\/producten\/roompoeder\/","url":"https:\/\/www.ariondairy.nl\/producten\/roompoeder\/","name":"Sahnepulver - Arion Dairy Products","isPartOf":{"@id":"https:\/\/www.ariondairy.nl\/#website"},"primaryImageOfPage":{"@id":"https:\/\/www.ariondairy.nl\/producten\/roompoeder\/#primaryimage"},"image":{"@id":"https:\/\/www.ariondairy.nl\/producten\/roompoeder\/#primaryimage"},"thumbnailUrl":"https:\/\/www.ariondairy.nl\/wp-content\/uploads\/Arion-Lactose-Producten.jpg","datePublished":"2016-11-11T15:54:39+00:00","dateModified":"2016-11-14T08:32:24+00:00","breadcrumb":{"@id":"https:\/\/www.ariondairy.nl\/producten\/roompoeder\/#breadcrumb"},"inLanguage":"de","potentialAction":[{"@type":"ReadAction","target":["https:\/\/www.ariondairy.nl\/producten\/roompoeder\/"]}]},{"@type":"ImageObject","inLanguage":"de","@id":"https:\/\/www.ariondairy.nl\/producten\/roompoeder\/#primaryimage","url":"https:\/\/www.ariondairy.nl\/wp-content\/uploads\/Arion-Lactose-Producten.jpg","contentUrl":"https:\/\/www.ariondairy.nl\/wp-content\/uploads\/Arion-Lactose-Producten.jpg","width":666,"height":220,"caption":"Arion lactose producten - roompoeder"},{"@type":"BreadcrumbList","@id":"https:\/\/www.ariondairy.nl\/producten\/roompoeder\/#breadcrumb","itemListElement":[{"@type":"ListItem","position":1,"name":"Home","item":"https:\/\/www.ariondairy.nl\/"},{"@type":"ListItem","position":2,"name":"Produkte","item":"https:\/\/www.ariondairy.nl\/producten\/"},{"@type":"ListItem","position":3,"name":"Sahnepulver"}]},{"@type":"WebSite","@id":"https:\/\/www.ariondairy.nl\/#website","url":"https:\/\/www.ariondairy.nl\/","name":"Arion Dairy Products","description":"Voor al uw zuivel- en zuivelgerelateerde producten","publisher":{"@id":"https:\/\/www.ariondairy.nl\/#organization"},"potentialAction":[{"@type":"SearchAction","target":{"@type":"EntryPoint","urlTemplate":"https:\/\/www.ariondairy.nl\/?s={search_term_string}"},"query-input":{"@type":"PropertyValueSpecification","valueRequired":true,"valueName":"search_term_string"}}],"inLanguage":"de"},{"@type":["Organization","Place"],"@id":"https:\/\/www.ariondairy.nl\/#organization","name":"Arion Dairy Products","url":"https:\/\/www.ariondairy.nl\/","logo":{"@id":"https:\/\/www.ariondairy.nl\/producten\/roompoeder\/#local-main-organization-logo"},"image":{"@id":"https:\/\/www.ariondairy.nl\/producten\/roompoeder\/#local-main-organization-logo"},"address":{"@id":"https:\/\/www.ariondairy.nl\/producten\/roompoeder\/#local-main-place-address"},"geo":{"@type":"GeoCoordinates","latitude":"51.7762237","longitude":"5.947664"},"telephone":["+31 24 357 04 60"],"openingHoursSpecification":[],"email":"info@ariondairy.nl","faxNumber":"+31 24 357 04 69"},{"@type":"PostalAddress","@id":"https:\/\/www.ariondairy.nl\/producten\/roompoeder\/#local-main-place-address","streetAddress":"Industrieweg 45","addressLocality":"Groesbeek","postalCode":"6562 AP","addressRegion":"Gelderland","addressCountry":"NL"},{"@type":"ImageObject","inLanguage":"de","@id":"https:\/\/www.ariondairy.nl\/producten\/roompoeder\/#local-main-organization-logo","url":"https:\/\/www.ariondairy.nl\/wp-content\/uploads\/arion-dairy-products-melkpoeder-logo.png","contentUrl":"https:\/\/www.ariondairy.nl\/wp-content\/uploads\/arion-dairy-products-melkpoeder-logo.png","width":700,"height":80,"caption":"Arion Dairy Products"}]},"geo.placename":"Groesbeek","geo.position":{"lat":"51.7762237","long":"5.947664"},"geo.region":"Niederlande"},"_links":{"self":[{"href":"https:\/\/www.ariondairy.nl\/de\/wp-json\/wp\/v2\/pages\/345","targetHints":{"allow":["GET"]}}],"collection":[{"href":"https:\/\/www.ariondairy.nl\/de\/wp-json\/wp\/v2\/pages"}],"about":[{"href":"https:\/\/www.ariondairy.nl\/de\/wp-json\/wp\/v2\/types\/page"}],"author":[{"embeddable":true,"href":"https:\/\/www.ariondairy.nl\/de\/wp-json\/wp\/v2\/users\/7"}],"replies":[{"embeddable":true,"href":"https:\/\/www.ariondairy.nl\/de\/wp-json\/wp\/v2\/comments?post=345"}],"version-history":[{"count":2,"href":"https:\/\/www.ariondairy.nl\/de\/wp-json\/wp\/v2\/pages\/345\/revisions"}],"predecessor-version":[{"id":391,"href":"https:\/\/www.ariondairy.nl\/de\/wp-json\/wp\/v2\/pages\/345\/revisions\/391"}],"up":[{"embeddable":true,"href":"https:\/\/www.ariondairy.nl\/de\/wp-json\/wp\/v2\/pages\/339"}],"wp:featuredmedia":[{"embeddable":true,"href":"https:\/\/www.ariondairy.nl\/de\/wp-json\/wp\/v2\/media\/140"}],"wp:attachment":[{"href":"https:\/\/www.ariondairy.nl\/de\/wp-json\/wp\/v2\/media?parent=345"}],"curies":[{"name":"wp","href":"https:\/\/api.w.org\/{rel}","templated":true}]}}