{"id":335,"date":"2016-11-11T16:46:10","date_gmt":"2016-11-11T15:46:10","guid":{"rendered":"https:\/\/www.ariondairy.nl\/de\/?page_id=335"},"modified":"2016-11-11T16:46:10","modified_gmt":"2016-11-11T15:46:10","slug":"arion-dairy-products","status":"publish","type":"page","link":"https:\/\/www.ariondairy.nl\/de\/arion-dairy-products\/","title":{"rendered":"Arion Dairy Products"},"content":{"rendered":"<h1><span lang=\"DE\">Arion Dairy Products: zuverl\u00e4ssig und erfahren<\/span><\/h1>\n<div class='content-column one_half'><h2><span lang=\"DE\">\u00dcber uns<\/span><\/h2>\n<p><span lang=\"DE\">Arion Dairy Products wurde im Jahre 2005 von Ronald Grootherder (Gesch\u00e4ftsf\u00fchrer), Hans Kamp (Food Manager) und Joop Bos (Finanzmanager) gegr\u00fcndet. Unsere Strategie, aus einer kleinen und flachen Hierarchie heraus, schnell und ad\u00e4quat auf die Entwicklungen und den Bedarf unserer Kunden, Lieferanten und M\u00e4rkte zu reagieren, hat sich bis zum heutigen Tage bew\u00e4hrt.<\/span><\/p>\n<p><span lang=\"DE\">Arion Dairy Products ist ein Unternehmen mit einer No-Nonsense-Kultur. Unsere Kunden beschreiben uns als zuverl\u00e4ssig und auf-den-Punkt. Wir setzen schlie\u00dflich alle Hebel in Bewegung, um es f\u00fcr Sie als Kunden bzw. Lieferanten so einfach wie m\u00f6glich zu gestalten.<\/span><\/p><\/div><div class='content-column one_half last_column'><h2><span lang=\"DE\">Qualit\u00e4t<\/span><\/h2>\n<p><span lang=\"DE\">Qualit\u00e4t hat die h\u00f6chste Priorit\u00e4t bei Arion Dairy Products. Wir sind schlie\u00dflich in Branchen t\u00e4tig, in denen Produktsicherheit und Qualit\u00e4t von gr\u00f6\u00dfter Bedeutung sind. Daher sorgen wir daf\u00fcr, dass unsere Milchrohstoffe den strengen EU-Gesetzen und Vorschriften entsprechen. <\/span><span lang=\"DE\">Unseres HACCP-System und GMP+ Zertifizierung zeigen, dass die Qualit\u00e4t unserer Produkte dauerhaft gew\u00e4hrleistet ist. Wir arbeiten ausschlie\u00dflich mit Lieferanten und Laboratorien zusammen, die ebenfalls dieser Philosophie folgen und st\u00e4ndig das h\u00f6chste Niveau anstreben.<\/span><\/p><\/div><div class='clear_column'><\/div><\/p>\n","protected":false},"excerpt":{"rendered":"<p>Arion Dairy Products: zuverl\u00e4ssig und erfahren<\/p>\n","protected":false},"author":7,"featured_media":0,"parent":0,"menu_order":0,"comment_status":"closed","ping_status":"closed","template":"","meta":{"_acf_changed":false,"footnotes":""},"class_list":["post-335","page","type-page","status-publish","hentry"],"acf":[],"yoast_head":"<!-- This site is optimized with the Yoast SEO plugin v27.5 - https:\/\/yoast.com\/product\/yoast-seo-wordpress\/ -->\n<title>Arion Dairy Products - Arion Dairy Products<\/title>\n<meta name=\"robots\" content=\"index, follow, max-snippet:-1, max-image-preview:large, max-video-preview:-1\" \/>\n<link rel=\"canonical\" href=\"https:\/\/www.ariondairy.nl\/arion-dairy-products\/\" \/>\n<meta property=\"og:locale\" content=\"de_DE\" \/>\n<meta property=\"og:type\" content=\"article\" \/>\n<meta property=\"og:title\" content=\"Arion Dairy Products - Arion Dairy Products\" \/>\n<meta property=\"og:description\" content=\"Arion Dairy Products: zuverl\u00e4ssig und erfahren\" \/>\n<meta property=\"og:url\" content=\"https:\/\/www.ariondairy.nl\/arion-dairy-products\/\" \/>\n<meta property=\"og:site_name\" content=\"Arion Dairy Products\" \/>\n<meta name=\"twitter:card\" content=\"summary_large_image\" \/>\n<meta name=\"twitter:label1\" content=\"Gesch\u00e4tzte Lesezeit\" \/>\n\t<meta name=\"twitter:data1\" content=\"1\u00a0Minute\" \/>\n<script type=\"application\/ld+json\" class=\"yoast-schema-graph\">{\"@context\":\"https:\\\/\\\/schema.org\",\"@graph\":[{\"@type\":\"WebPage\",\"@id\":\"https:\\\/\\\/www.ariondairy.nl\\\/arion-dairy-products\\\/\",\"url\":\"https:\\\/\\\/www.ariondairy.nl\\\/arion-dairy-products\\\/\",\"name\":\"Arion Dairy Products - Arion Dairy Products\",\"isPartOf\":{\"@id\":\"https:\\\/\\\/www.ariondairy.nl\\\/#website\"},\"datePublished\":\"2016-11-11T15:46:10+00:00\",\"breadcrumb\":{\"@id\":\"https:\\\/\\\/www.ariondairy.nl\\\/arion-dairy-products\\\/#breadcrumb\"},\"inLanguage\":\"de\",\"potentialAction\":[{\"@type\":\"ReadAction\",\"target\":[\"https:\\\/\\\/www.ariondairy.nl\\\/arion-dairy-products\\\/\"]}]},{\"@type\":\"BreadcrumbList\",\"@id\":\"https:\\\/\\\/www.ariondairy.nl\\\/arion-dairy-products\\\/#breadcrumb\",\"itemListElement\":[{\"@type\":\"ListItem\",\"position\":1,\"name\":\"Home\",\"item\":\"https:\\\/\\\/www.ariondairy.nl\\\/\"},{\"@type\":\"ListItem\",\"position\":2,\"name\":\"Arion Dairy Products\"}]},{\"@type\":\"WebSite\",\"@id\":\"https:\\\/\\\/www.ariondairy.nl\\\/#website\",\"url\":\"https:\\\/\\\/www.ariondairy.nl\\\/\",\"name\":\"Arion Dairy Products\",\"description\":\"Voor al uw zuivel- en zuivelgerelateerde producten\",\"publisher\":{\"@id\":\"https:\\\/\\\/www.ariondairy.nl\\\/#organization\"},\"potentialAction\":[{\"@type\":\"SearchAction\",\"target\":{\"@type\":\"EntryPoint\",\"urlTemplate\":\"https:\\\/\\\/www.ariondairy.nl\\\/?s={search_term_string}\"},\"query-input\":{\"@type\":\"PropertyValueSpecification\",\"valueRequired\":true,\"valueName\":\"search_term_string\"}}],\"inLanguage\":\"de\"},{\"@type\":[\"Organization\",\"Place\"],\"@id\":\"https:\\\/\\\/www.ariondairy.nl\\\/#organization\",\"name\":\"Arion Dairy Products\",\"url\":\"https:\\\/\\\/www.ariondairy.nl\\\/\",\"logo\":{\"@id\":\"https:\\\/\\\/www.ariondairy.nl\\\/arion-dairy-products\\\/#local-main-organization-logo\"},\"image\":{\"@id\":\"https:\\\/\\\/www.ariondairy.nl\\\/arion-dairy-products\\\/#local-main-organization-logo\"},\"address\":{\"@id\":\"https:\\\/\\\/www.ariondairy.nl\\\/arion-dairy-products\\\/#local-main-place-address\"},\"geo\":{\"@type\":\"GeoCoordinates\",\"latitude\":\"51.7762237\",\"longitude\":\"5.947664\"},\"telephone\":[\"+31 24 357 04 60\"],\"openingHoursSpecification\":[],\"email\":\"info@ariondairy.nl\",\"faxNumber\":\"+31 24 357 04 69\"},{\"@type\":\"PostalAddress\",\"@id\":\"https:\\\/\\\/www.ariondairy.nl\\\/arion-dairy-products\\\/#local-main-place-address\",\"streetAddress\":\"Industrieweg 45\",\"addressLocality\":\"Groesbeek\",\"postalCode\":\"6562 AP\",\"addressRegion\":\"Gelderland\",\"addressCountry\":\"NL\"},{\"@type\":\"ImageObject\",\"inLanguage\":\"de\",\"@id\":\"https:\\\/\\\/www.ariondairy.nl\\\/arion-dairy-products\\\/#local-main-organization-logo\",\"url\":\"https:\\\/\\\/www.ariondairy.nl\\\/wp-content\\\/uploads\\\/arion-dairy-products-melkpoeder-logo.png\",\"contentUrl\":\"https:\\\/\\\/www.ariondairy.nl\\\/wp-content\\\/uploads\\\/arion-dairy-products-melkpoeder-logo.png\",\"width\":700,\"height\":80,\"caption\":\"Arion Dairy Products\"}]}<\/script>\n<meta name=\"geo.placename\" content=\"Groesbeek\" \/>\n<meta name=\"geo.position\" content=\"51.7762237;5.947664\" \/>\n<meta name=\"geo.region\" content=\"Niederlande\" \/>\n<!-- \/ Yoast SEO plugin. -->","yoast_head_json":{"title":"Arion Dairy Products - Arion Dairy Products","robots":{"index":"index","follow":"follow","max-snippet":"max-snippet:-1","max-image-preview":"max-image-preview:large","max-video-preview":"max-video-preview:-1"},"canonical":"https:\/\/www.ariondairy.nl\/arion-dairy-products\/","og_locale":"de_DE","og_type":"article","og_title":"Arion Dairy Products - Arion Dairy Products","og_description":"Arion Dairy Products: zuverl\u00e4ssig und erfahren","og_url":"https:\/\/www.ariondairy.nl\/arion-dairy-products\/","og_site_name":"Arion Dairy Products","twitter_card":"summary_large_image","twitter_misc":{"Gesch\u00e4tzte Lesezeit":"1\u00a0Minute"},"schema":{"@context":"https:\/\/schema.org","@graph":[{"@type":"WebPage","@id":"https:\/\/www.ariondairy.nl\/arion-dairy-products\/","url":"https:\/\/www.ariondairy.nl\/arion-dairy-products\/","name":"Arion Dairy Products - Arion Dairy Products","isPartOf":{"@id":"https:\/\/www.ariondairy.nl\/#website"},"datePublished":"2016-11-11T15:46:10+00:00","breadcrumb":{"@id":"https:\/\/www.ariondairy.nl\/arion-dairy-products\/#breadcrumb"},"inLanguage":"de","potentialAction":[{"@type":"ReadAction","target":["https:\/\/www.ariondairy.nl\/arion-dairy-products\/"]}]},{"@type":"BreadcrumbList","@id":"https:\/\/www.ariondairy.nl\/arion-dairy-products\/#breadcrumb","itemListElement":[{"@type":"ListItem","position":1,"name":"Home","item":"https:\/\/www.ariondairy.nl\/"},{"@type":"ListItem","position":2,"name":"Arion Dairy Products"}]},{"@type":"WebSite","@id":"https:\/\/www.ariondairy.nl\/#website","url":"https:\/\/www.ariondairy.nl\/","name":"Arion Dairy Products","description":"Voor al uw zuivel- en zuivelgerelateerde producten","publisher":{"@id":"https:\/\/www.ariondairy.nl\/#organization"},"potentialAction":[{"@type":"SearchAction","target":{"@type":"EntryPoint","urlTemplate":"https:\/\/www.ariondairy.nl\/?s={search_term_string}"},"query-input":{"@type":"PropertyValueSpecification","valueRequired":true,"valueName":"search_term_string"}}],"inLanguage":"de"},{"@type":["Organization","Place"],"@id":"https:\/\/www.ariondairy.nl\/#organization","name":"Arion Dairy Products","url":"https:\/\/www.ariondairy.nl\/","logo":{"@id":"https:\/\/www.ariondairy.nl\/arion-dairy-products\/#local-main-organization-logo"},"image":{"@id":"https:\/\/www.ariondairy.nl\/arion-dairy-products\/#local-main-organization-logo"},"address":{"@id":"https:\/\/www.ariondairy.nl\/arion-dairy-products\/#local-main-place-address"},"geo":{"@type":"GeoCoordinates","latitude":"51.7762237","longitude":"5.947664"},"telephone":["+31 24 357 04 60"],"openingHoursSpecification":[],"email":"info@ariondairy.nl","faxNumber":"+31 24 357 04 69"},{"@type":"PostalAddress","@id":"https:\/\/www.ariondairy.nl\/arion-dairy-products\/#local-main-place-address","streetAddress":"Industrieweg 45","addressLocality":"Groesbeek","postalCode":"6562 AP","addressRegion":"Gelderland","addressCountry":"NL"},{"@type":"ImageObject","inLanguage":"de","@id":"https:\/\/www.ariondairy.nl\/arion-dairy-products\/#local-main-organization-logo","url":"https:\/\/www.ariondairy.nl\/wp-content\/uploads\/arion-dairy-products-melkpoeder-logo.png","contentUrl":"https:\/\/www.ariondairy.nl\/wp-content\/uploads\/arion-dairy-products-melkpoeder-logo.png","width":700,"height":80,"caption":"Arion Dairy Products"}]},"geo.placename":"Groesbeek","geo.position":{"lat":"51.7762237","long":"5.947664"},"geo.region":"Niederlande"},"_links":{"self":[{"href":"https:\/\/www.ariondairy.nl\/de\/wp-json\/wp\/v2\/pages\/335","targetHints":{"allow":["GET"]}}],"collection":[{"href":"https:\/\/www.ariondairy.nl\/de\/wp-json\/wp\/v2\/pages"}],"about":[{"href":"https:\/\/www.ariondairy.nl\/de\/wp-json\/wp\/v2\/types\/page"}],"author":[{"embeddable":true,"href":"https:\/\/www.ariondairy.nl\/de\/wp-json\/wp\/v2\/users\/7"}],"replies":[{"embeddable":true,"href":"https:\/\/www.ariondairy.nl\/de\/wp-json\/wp\/v2\/comments?post=335"}],"version-history":[{"count":1,"href":"https:\/\/www.ariondairy.nl\/de\/wp-json\/wp\/v2\/pages\/335\/revisions"}],"predecessor-version":[{"id":336,"href":"https:\/\/www.ariondairy.nl\/de\/wp-json\/wp\/v2\/pages\/335\/revisions\/336"}],"wp:attachment":[{"href":"https:\/\/www.ariondairy.nl\/de\/wp-json\/wp\/v2\/media?parent=335"}],"curies":[{"name":"wp","href":"https:\/\/api.w.org\/{rel}","templated":true}]}}