{"id":333,"date":"2016-11-11T16:28:26","date_gmt":"2016-11-11T15:28:26","guid":{"rendered":"https:\/\/www.ariondairy.nl\/de\/?page_id=333"},"modified":"2016-11-11T17:17:23","modified_gmt":"2016-11-11T16:17:23","slug":"milchprodukte","status":"publish","type":"page","link":"https:\/\/www.ariondairy.nl\/de\/","title":{"rendered":"Milchprodukte"},"content":{"rendered":"<h1>Arion Dairy Products<\/h1>\n<h2>F\u00fcr alle Ihre Milchprodukte<\/h2>\n<div class='content-column one_half'><p><span lang=\"DE\">Unsere Rohstoffe bilden die Grundlage f\u00fcr zahlreiche Produkte in der Tierfutter- und Lebensmittelindustrie. Sind Sie in einer bzw. mehreren dieser Branchen t\u00e4tig? Dann stellen wir unsere Erfahrungen sowie unser Fachwissen und Netzwerk, zur weiteren Optimierung Ihrer Produkte, gerne zur Verf\u00fcgung.<\/span><\/p>\n<p><span lang=\"DE\">Dank unseres internationalen Netzwerks und Knowhow k\u00f6nnen wir Ihnen nicht nur die entsprechende Qualit\u00e4t bieten, sondern auch immer die wettbewerbsf\u00e4higsten Preise gew\u00e4hrleisten. Zusammen mit unseren Logistikpartnern sorgen wir daf\u00fcr, dass die Milchrohstoffe zu dem von Ihnen gew\u00fcnschten Termin geliefert werden. Oft k\u00f6nnen wir hierzu auf unseren eigenen Lagerbestand zur\u00fcckgreifen. Hierzu setzen wir f\u00fcr Lagerung und Umschlag, Transport und Verpackung trockener Milchprodukte,<\/span><span lang=\"DE\"> <\/span><span lang=\"DE\">spezialisierte Logistikdienstleister ein.<\/span><\/p>\n<p lang=\"DE\"><\/div><div class='content-column one_half last_column'><p><span lang=\"DE\">Sie k\u00f6nnen sich auf aktuelle Marktkenntnisse und Prognosen, logistische Unterst\u00fctzung sowie Abwicklung, Qualit\u00e4t und finanzielle Zuverl\u00e4ssigkeit verlassen. <\/span><span lang=\"DE\">Wir liefern Unsere breite Produktpallete in allen gew\u00fcnschten Mengen, sowohl gro\u00dfe als auch kleine Volumen. Nat\u00fcrlich informieren wir Sie auch gerne \u00fcber ma\u00dfgeschneiderte L\u00f6sungen.<\/span><\/p>\n<p><a href=\"https:\/\/www.ariondairy.nl\/de\/produkte\/\"><span lang=\"DE\">Schauen Sie sich unsere Produkte an<\/span><\/a><span lang=\"DE\"> oder <\/span><a href=\"https:\/\/www.ariondairy.nl\/de\/kontakt\/\"><span lang=\"DE\">kontaktieren Sie uns unverbindlich<\/span><\/a><span lang=\"DE\">.<\/span><\/p><\/div><div class='clear_column'><\/div><\/p>\n","protected":false},"excerpt":{"rendered":"<p>Arion Dairy Products F\u00fcr alle Ihre Milchprodukte<\/p>\n","protected":false},"author":7,"featured_media":0,"parent":0,"menu_order":0,"comment_status":"closed","ping_status":"closed","template":"","meta":{"_acf_changed":false,"footnotes":""},"class_list":["post-333","page","type-page","status-publish","hentry"],"acf":[],"yoast_head":"<!-- This site is optimized with the Yoast SEO plugin v27.5 - https:\/\/yoast.com\/product\/yoast-seo-wordpress\/ -->\n<title>Milchprodukte - Arion Dairy Products<\/title>\n<meta name=\"robots\" content=\"index, follow, max-snippet:-1, max-image-preview:large, max-video-preview:-1\" \/>\n<link rel=\"canonical\" href=\"https:\/\/www.ariondairy.nl\/\" \/>\n<meta property=\"og:locale\" content=\"de_DE\" \/>\n<meta property=\"og:type\" content=\"article\" \/>\n<meta property=\"og:title\" content=\"Milchprodukte - Arion Dairy Products\" \/>\n<meta property=\"og:description\" content=\"Arion Dairy Products F\u00fcr alle Ihre Milchprodukte\" \/>\n<meta property=\"og:url\" content=\"https:\/\/www.ariondairy.nl\/\" \/>\n<meta property=\"og:site_name\" content=\"Arion Dairy Products\" \/>\n<meta property=\"article:modified_time\" content=\"2016-11-11T16:17:23+00:00\" \/>\n<meta name=\"twitter:card\" content=\"summary_large_image\" \/>\n<meta name=\"twitter:label1\" content=\"Gesch\u00e4tzte Lesezeit\" \/>\n\t<meta name=\"twitter:data1\" content=\"1\u00a0Minute\" \/>\n<script type=\"application\/ld+json\" class=\"yoast-schema-graph\">{\"@context\":\"https:\\\/\\\/schema.org\",\"@graph\":[{\"@type\":\"WebPage\",\"@id\":\"https:\\\/\\\/www.ariondairy.nl\\\/\",\"url\":\"https:\\\/\\\/www.ariondairy.nl\\\/\",\"name\":\"Milchprodukte - Arion Dairy Products\",\"isPartOf\":{\"@id\":\"https:\\\/\\\/www.ariondairy.nl\\\/#website\"},\"datePublished\":\"2016-11-11T15:28:26+00:00\",\"dateModified\":\"2016-11-11T16:17:23+00:00\",\"breadcrumb\":{\"@id\":\"https:\\\/\\\/www.ariondairy.nl\\\/#breadcrumb\"},\"inLanguage\":\"de\",\"potentialAction\":[{\"@type\":\"ReadAction\",\"target\":[\"https:\\\/\\\/www.ariondairy.nl\\\/\"]}]},{\"@type\":\"BreadcrumbList\",\"@id\":\"https:\\\/\\\/www.ariondairy.nl\\\/#breadcrumb\",\"itemListElement\":[{\"@type\":\"ListItem\",\"position\":1,\"name\":\"Home\",\"item\":\"https:\\\/\\\/www.ariondairy.nl\\\/\"},{\"@type\":\"ListItem\",\"position\":2,\"name\":\"Milchprodukte\"}]},{\"@type\":\"WebSite\",\"@id\":\"https:\\\/\\\/www.ariondairy.nl\\\/#website\",\"url\":\"https:\\\/\\\/www.ariondairy.nl\\\/\",\"name\":\"Arion Dairy Products\",\"description\":\"Voor al uw zuivel- en zuivelgerelateerde producten\",\"publisher\":{\"@id\":\"https:\\\/\\\/www.ariondairy.nl\\\/#organization\"},\"potentialAction\":[{\"@type\":\"SearchAction\",\"target\":{\"@type\":\"EntryPoint\",\"urlTemplate\":\"https:\\\/\\\/www.ariondairy.nl\\\/?s={search_term_string}\"},\"query-input\":{\"@type\":\"PropertyValueSpecification\",\"valueRequired\":true,\"valueName\":\"search_term_string\"}}],\"inLanguage\":\"de\"},{\"@type\":[\"Organization\",\"Place\"],\"@id\":\"https:\\\/\\\/www.ariondairy.nl\\\/#organization\",\"name\":\"Arion Dairy Products\",\"url\":\"https:\\\/\\\/www.ariondairy.nl\\\/\",\"logo\":{\"@id\":\"https:\\\/\\\/www.ariondairy.nl\\\/#local-main-organization-logo\"},\"image\":{\"@id\":\"https:\\\/\\\/www.ariondairy.nl\\\/#local-main-organization-logo\"},\"address\":{\"@id\":\"https:\\\/\\\/www.ariondairy.nl\\\/#local-main-place-address\"},\"geo\":{\"@type\":\"GeoCoordinates\",\"latitude\":\"51.7762237\",\"longitude\":\"5.947664\"},\"telephone\":[\"+31 24 357 04 60\"],\"openingHoursSpecification\":[],\"email\":\"info@ariondairy.nl\",\"faxNumber\":\"+31 24 357 04 69\"},{\"@type\":\"PostalAddress\",\"@id\":\"https:\\\/\\\/www.ariondairy.nl\\\/#local-main-place-address\",\"streetAddress\":\"Industrieweg 45\",\"addressLocality\":\"Groesbeek\",\"postalCode\":\"6562 AP\",\"addressRegion\":\"Gelderland\",\"addressCountry\":\"NL\"},{\"@type\":\"ImageObject\",\"inLanguage\":\"de\",\"@id\":\"https:\\\/\\\/www.ariondairy.nl\\\/#local-main-organization-logo\",\"url\":\"https:\\\/\\\/www.ariondairy.nl\\\/wp-content\\\/uploads\\\/arion-dairy-products-melkpoeder-logo.png\",\"contentUrl\":\"https:\\\/\\\/www.ariondairy.nl\\\/wp-content\\\/uploads\\\/arion-dairy-products-melkpoeder-logo.png\",\"width\":700,\"height\":80,\"caption\":\"Arion Dairy Products\"}]}<\/script>\n<meta name=\"geo.placename\" content=\"Groesbeek\" \/>\n<meta name=\"geo.position\" content=\"51.7762237;5.947664\" \/>\n<meta name=\"geo.region\" content=\"Niederlande\" \/>\n<!-- \/ Yoast SEO plugin. -->","yoast_head_json":{"title":"Milchprodukte - Arion Dairy Products","robots":{"index":"index","follow":"follow","max-snippet":"max-snippet:-1","max-image-preview":"max-image-preview:large","max-video-preview":"max-video-preview:-1"},"canonical":"https:\/\/www.ariondairy.nl\/","og_locale":"de_DE","og_type":"article","og_title":"Milchprodukte - Arion Dairy Products","og_description":"Arion Dairy Products F\u00fcr alle Ihre Milchprodukte","og_url":"https:\/\/www.ariondairy.nl\/","og_site_name":"Arion Dairy Products","article_modified_time":"2016-11-11T16:17:23+00:00","twitter_card":"summary_large_image","twitter_misc":{"Gesch\u00e4tzte Lesezeit":"1\u00a0Minute"},"schema":{"@context":"https:\/\/schema.org","@graph":[{"@type":"WebPage","@id":"https:\/\/www.ariondairy.nl\/","url":"https:\/\/www.ariondairy.nl\/","name":"Milchprodukte - Arion Dairy Products","isPartOf":{"@id":"https:\/\/www.ariondairy.nl\/#website"},"datePublished":"2016-11-11T15:28:26+00:00","dateModified":"2016-11-11T16:17:23+00:00","breadcrumb":{"@id":"https:\/\/www.ariondairy.nl\/#breadcrumb"},"inLanguage":"de","potentialAction":[{"@type":"ReadAction","target":["https:\/\/www.ariondairy.nl\/"]}]},{"@type":"BreadcrumbList","@id":"https:\/\/www.ariondairy.nl\/#breadcrumb","itemListElement":[{"@type":"ListItem","position":1,"name":"Home","item":"https:\/\/www.ariondairy.nl\/"},{"@type":"ListItem","position":2,"name":"Milchprodukte"}]},{"@type":"WebSite","@id":"https:\/\/www.ariondairy.nl\/#website","url":"https:\/\/www.ariondairy.nl\/","name":"Arion Dairy Products","description":"Voor al uw zuivel- en zuivelgerelateerde producten","publisher":{"@id":"https:\/\/www.ariondairy.nl\/#organization"},"potentialAction":[{"@type":"SearchAction","target":{"@type":"EntryPoint","urlTemplate":"https:\/\/www.ariondairy.nl\/?s={search_term_string}"},"query-input":{"@type":"PropertyValueSpecification","valueRequired":true,"valueName":"search_term_string"}}],"inLanguage":"de"},{"@type":["Organization","Place"],"@id":"https:\/\/www.ariondairy.nl\/#organization","name":"Arion Dairy Products","url":"https:\/\/www.ariondairy.nl\/","logo":{"@id":"https:\/\/www.ariondairy.nl\/#local-main-organization-logo"},"image":{"@id":"https:\/\/www.ariondairy.nl\/#local-main-organization-logo"},"address":{"@id":"https:\/\/www.ariondairy.nl\/#local-main-place-address"},"geo":{"@type":"GeoCoordinates","latitude":"51.7762237","longitude":"5.947664"},"telephone":["+31 24 357 04 60"],"openingHoursSpecification":[],"email":"info@ariondairy.nl","faxNumber":"+31 24 357 04 69"},{"@type":"PostalAddress","@id":"https:\/\/www.ariondairy.nl\/#local-main-place-address","streetAddress":"Industrieweg 45","addressLocality":"Groesbeek","postalCode":"6562 AP","addressRegion":"Gelderland","addressCountry":"NL"},{"@type":"ImageObject","inLanguage":"de","@id":"https:\/\/www.ariondairy.nl\/#local-main-organization-logo","url":"https:\/\/www.ariondairy.nl\/wp-content\/uploads\/arion-dairy-products-melkpoeder-logo.png","contentUrl":"https:\/\/www.ariondairy.nl\/wp-content\/uploads\/arion-dairy-products-melkpoeder-logo.png","width":700,"height":80,"caption":"Arion Dairy Products"}]},"geo.placename":"Groesbeek","geo.position":{"lat":"51.7762237","long":"5.947664"},"geo.region":"Niederlande"},"_links":{"self":[{"href":"https:\/\/www.ariondairy.nl\/de\/wp-json\/wp\/v2\/pages\/333","targetHints":{"allow":["GET"]}}],"collection":[{"href":"https:\/\/www.ariondairy.nl\/de\/wp-json\/wp\/v2\/pages"}],"about":[{"href":"https:\/\/www.ariondairy.nl\/de\/wp-json\/wp\/v2\/types\/page"}],"author":[{"embeddable":true,"href":"https:\/\/www.ariondairy.nl\/de\/wp-json\/wp\/v2\/users\/7"}],"replies":[{"embeddable":true,"href":"https:\/\/www.ariondairy.nl\/de\/wp-json\/wp\/v2\/comments?post=333"}],"version-history":[{"count":4,"href":"https:\/\/www.ariondairy.nl\/de\/wp-json\/wp\/v2\/pages\/333\/revisions"}],"predecessor-version":[{"id":372,"href":"https:\/\/www.ariondairy.nl\/de\/wp-json\/wp\/v2\/pages\/333\/revisions\/372"}],"wp:attachment":[{"href":"https:\/\/www.ariondairy.nl\/de\/wp-json\/wp\/v2\/media?parent=333"}],"curies":[{"name":"wp","href":"https:\/\/api.w.org\/{rel}","templated":true}]}}